{"id":13937,"date":"2023-01-16T12:36:49","date_gmt":"2023-01-16T10:36:49","guid":{"rendered":"http:\/\/tyditiao.com\/product\/ao-giap-co-the-che-giau-ao-chong-dan-voi-cap-do-bao-ve-nij-iiia-thiet-bi-an-toan-ngoai-troi-ca-nhan\/"},"modified":"2026-01-26T09:04:42","modified_gmt":"2026-01-26T07:04:42","slug":"che-che-buoc-ve-ve-chong-dan-ao-ve-voi-ni-iiia-muc-bao-ve-ca-nhan-an-ninh-thiet-bi-ngoai-troi","status":"publish","type":"product","link":"https:\/\/tyditiao.com\/vi\/product\/che-che-buoc-ve-ve-chong-dan-ao-ve-voi-ni-iiia-muc-bao-ve-ca-nhan-an-ninh-thiet-bi-ngoai-troi\/","title":{"rendered":"\u00c1o gi\u00e1p c\u00f3 th\u1ec3 che gi\u1ea5u, \u00c1o ch\u1ed1ng \u0111\u1ea1n v\u1edbi C\u1ea5p \u0111\u1ed9 b\u1ea3o v\u1ec7 NIJ IIIA, Thi\u1ebft b\u1ecb an to\u00e0n ngo\u00e0i tr\u1eddi c\u00e1 nh\u00e2n"},"content":{"rendered":"<p>Ch\u1ea5t li\u1ec7u: Ch\u1ea5t li\u1ec7u PE ph\u00e2n t\u1eed c\u1ef1c cao, c\u00f3 th\u1ec3 ch\u1ecbu \u0111\u01b0\u1ee3c nhi\u1ec1u c\u00fa \u0111\u00e1nh m\u00e0 v\u1eabn linh ho\u1ea1t. N\u00f3 c\u00f3 c\u00e1c \u0111\u1eb7c t\u00ednh nh\u1eb9 nh\u00e0ng, m\u1ec1m m\u1ea1i, tho\u1ea3i m\u00e1i, kh\u1ea3 n\u0103ng ch\u1ed1ng tia c\u1ef1c t\u00edm tuy\u1ec7t v\u1eddi, \u0111\u1ed9 nh\u1ea1y \u0111\u1ed9 \u1ea9m th\u1ea5p v\u00e0 kh\u1ea3 n\u0103ng ch\u1ed1ng n\u01b0\u1edbc.<\/p>\n<p>L\u1edbp b\u1ea3o v\u1ec7: B\u1ea3o v\u1ec7 tr\u01b0\u1edbc v\u00e0 sau NIJ IIIA<\/p>\n<p>\u0110\u1ea1n c\u00f3 th\u1ec3 ch\u1eb7n:<br \/>\n.44 Magnum<br \/>\n.40 S&amp;W, .357 Magnum, .45<br \/>\ns\u00fang ti\u1ec3u li\u00ean 9mm<br \/>\n\u0110\u1ea1n \u0111i\u1ec3m r\u1ed7ng n\u1eeda v\u1ecf (SJHP)<br \/>\nHi\u1ec7u chu\u1ea9n \u0111\u1ea1n ho\u00e0n to\u00e0n b\u1eb1ng kim lo\u1ea1i 9 mm, tr\u1ecdng l\u01b0\u1ee3ng danh ngh\u0129a 8,0 g (124 g), v\u1eadn t\u1ed1c va ch\u1ea1m 426 m\/s (1.400 ft\/s) tr\u1edf xu\u1ed1ng<br \/>\nC\u0169ng cung c\u1ea5p kh\u1ea3 n\u0103ng b\u1ea3o v\u1ec7 ch\u1ed1ng l\u1ea1i h\u1ea7u h\u1ebft c\u00e1c m\u1ed1i \u0111e d\u1ecda t\u1eeb s\u00fang ng\u1eafn c\u0169ng nh\u01b0 c\u00e1c m\u1ed1i \u0111e d\u1ecda Lo\u1ea1i IIA v\u00e0 II<\/p>\n<p>M\u00e0u \u0111en<br \/>\nGi\u1edbi t\u00ednh: Unisex<br \/>\nLo\u1ea1i qu\u1ea7n \u00e1o: Vest, Top<br \/>\nLo\u1ea1i tay \u00e1o: Kh\u00f4ng tay<br \/>\nCh\u1ee9c n\u0103ng: Ch\u1ed1ng \u0111\u1ea1n<br \/>\nK\u00edch th\u01b0\u1edbc: M\u1ed9t K\u00edch th\u01b0\u1edbc<br \/>\nC\u00e2n n\u1eb7ng: 2,5kg<br \/>\nGi\u1eb7t: L\u1edbp l\u00f3t b\u00ean trong v\u00e0 \u00e1o kho\u00e1c ngo\u00e0i c\u00f3 th\u1ec3 t\u00e1ch r\u1eddi, l\u1edbp ch\u1ed1ng \u0111\u1ea1n b\u00ean trong kh\u00f4ng gi\u1eb7t \u0111\u01b0\u1ee3c, ch\u1ec9 gi\u1eb7t l\u1edbp ngo\u00e0i<\/p>\n<p>\u0110\u00f3ng g\u00f3i: 1 x \u00c1o ch\u1ed1ng \u0111\u1ea1n (NIJ IIIA )<\/p>\n","protected":false},"excerpt":{"rendered":"<p>M\u1ec1m m\u1ea1i v\u00e0 nh\u1eb9: linh ho\u1ea1t, tho\u1ea3i m\u00e1i khi m\u1eb7c, v\u1ec1 c\u01a1 b\u1ea3n kh\u00f4ng \u1ea3nh h\u01b0\u1edfng \u0111\u1ebfn c\u01a1 th\u1ec3 con ng\u01b0\u1eddi khi ch\u1ea1y ho\u1eb7c ng\u1ed3i x\u1ed5m<\/p>\n<p>Che khuy\u1ebft \u0111i\u1ec3m tuy\u1ec7t v\u1eddi: C\u00f3 th\u1ec3 \u0111i\u1ec1u ch\u1ec9nh \u1edf 4 \u0111i\u1ec3m kh\u00e1c nhau b\u1eb1ng d\u00e2y \u0111ai kh\u00f3a d\u00e1n \u0111\u1ec3 d\u1ec5 d\u00e0ng che gi\u1ea5u d\u01b0\u1edbi qu\u1ea7n \u00e1o c\u1ee7a b\u1ea1n<\/p>\n<p>B\u1ea3o v\u1ec7 NIJ IIIA: m\u1ee9c b\u1ea3o v\u1ec7 cao nh\u1ea5t hi\u1ec7n nay d\u00e0nh cho \u00e1o ch\u1ed1ng \u0111\u1ea1n<\/p>\n<p>Hi\u1ec7u su\u1ea5t m\u1edf r\u1ed9ng t\u1ed1t: c\u00e1c t\u00fai \u00e1o gi\u00e1p ph\u00eda tr\u01b0\u1edbc v\u00e0 ph\u00eda sau c\u00f3 th\u1ec3 \u0111\u01b0\u1ee3c g\u1eafn c\u00e1c t\u1ea5m th\u00e9p ch\u1ed1ng \u0111\u1ea1n \u0111\u1ec3 b\u1ea3o v\u1ec7 b\u1ed5 sung theo nhu c\u1ea7u c\u1ee7a ch\u00ednh h\u1ecd<\/p>\n<p>\u0110\u1ed1i t\u01b0\u1ee3ng \u00e1p d\u1ee5ng: C\u00e1c nh\u00e0 b\u00e1o v\u00e0 qu\u00e2n nh\u00e2n \u0111i qua c\u00e1c khu v\u1ef1c b\u1ecb chi\u1ebfn tranh t\u00e0n ph\u00e1, \u0111\u1ed3ng th\u1eddi c\u0169ng c\u00f3 th\u1ec3 \u0111\u01b0\u1ee3c s\u1eed d\u1ee5ng \u0111\u1ec3 ph\u00f2ng th\u1ee7 t\u1ea1i nh\u00e0 \u0111\u1ec3 b\u1ea3o v\u1ec7 s\u1ef1 an to\u00e0n v\u00e0 c\u01a1 th\u1ec3 c\u1ee7a ch\u00ednh h\u1ecd kh\u1ecfi \u0111\u1ea1n v\u00e0 m\u1ea3nh v\u1ee5n<\/p>\n","protected":false},"featured_media":12429,"comment_status":"open","ping_status":"closed","template":"","meta":[],"product_brand":[],"product_cat":[866],"product_tag":[],"woo-feed-brand":[50],"class_list":{"0":"post-13937","1":"product","2":"type-product","3":"status-publish","4":"has-post-thumbnail","6":"product_cat-ao-chien-thuat","7":"woo-feed-brand-tyditiao","9":"first","10":"instock","11":"sale","12":"shipping-taxable","13":"purchasable","14":"product-type-simple"},"_links":{"self":[{"href":"https:\/\/tyditiao.com\/vi\/wp-json\/wp\/v2\/product\/13937","targetHints":{"allow":["GET"]}}],"collection":[{"href":"https:\/\/tyditiao.com\/vi\/wp-json\/wp\/v2\/product"}],"about":[{"href":"https:\/\/tyditiao.com\/vi\/wp-json\/wp\/v2\/types\/product"}],"replies":[{"embeddable":true,"href":"https:\/\/tyditiao.com\/vi\/wp-json\/wp\/v2\/comments?post=13937"}],"wp:featuredmedia":[{"embeddable":true,"href":"https:\/\/tyditiao.com\/vi\/wp-json\/wp\/v2\/media\/12429"}],"wp:attachment":[{"href":"https:\/\/tyditiao.com\/vi\/wp-json\/wp\/v2\/media?parent=13937"}],"wp:term":[{"taxonomy":"product_brand","embeddable":true,"href":"https:\/\/tyditiao.com\/vi\/wp-json\/wp\/v2\/product_brand?post=13937"},{"taxonomy":"product_cat","embeddable":true,"href":"https:\/\/tyditiao.com\/vi\/wp-json\/wp\/v2\/product_cat?post=13937"},{"taxonomy":"product_tag","embeddable":true,"href":"https:\/\/tyditiao.com\/vi\/wp-json\/wp\/v2\/product_tag?post=13937"},{"taxonomy":"woo-feed-brand","embeddable":true,"href":"https:\/\/tyditiao.com\/vi\/wp-json\/wp\/v2\/woo-feed-brand?post=13937"}],"curies":[{"name":"wp","href":"https:\/\/api.w.org\/{rel}","templated":true}]}}