{"id":13958,"date":"2022-10-21T05:25:40","date_gmt":"2022-10-21T03:25:40","guid":{"rendered":"http:\/\/tyditiao.com\/product\/uhmwpe-nij-cap-iiia-7mm-0-5kg-tam-che-nguc-chong-dan-250x300mm\/"},"modified":"2026-01-26T09:04:55","modified_gmt":"2026-01-26T07:04:55","slug":"uhmwpe-nij-cap-iiia-7mm-0-5kgn-ao-nguc-chong-dan-250x300mm","status":"publish","type":"product","link":"https:\/\/tyditiao.com\/vi\/product\/uhmwpe-nij-cap-iiia-7mm-0-5kgn-ao-nguc-chong-dan-250x300mm\/","title":{"rendered":"UHMWPE, NIJ C\u1ea5p IIIA, 7MM, 0.5KG, T\u1ea5m che ng\u1ef1c ch\u1ed1ng \u0111\u1ea1n, 250X300MM"},"content":{"rendered":"<p>Tr\u1ecdng l\u01b0\u1ee3ng: 0,5kg<br \/>\nCh\u1ea5t li\u1ec7u: PE<br \/>\n\u0110\u1ed9 d\u00e0y: 7MM<br \/>\nL\u1edbp b\u1ea3o v\u1ec7: C\u1ea5p \u0111\u1ed9 NIJ IIIA (GA4)<\/p>\n<p>L\u1edbp ngo\u00e0i: v\u1ea3i polyester ch\u1ed1ng th\u1ea5m m\u00e0u \u0111en;<br \/>\nK\u00edch th\u01b0\u1edbc: 250x300mm \/ 9,8&#8217;x11,8&#8242;<br \/>\nH\u00ecnh d\u1ea1ng: H\u00ecnh thang (T\u1ea5m h\u00ecnh thang c\u00f3 v\u00e1t g\u00f3c)<\/p>\n<p>B\u1ea3ng k\u00ea h\u00e0ng h\u00f3a:<br \/>\n1 x T\u1ea5m ch\u1ed1ng \u0111\u1ea1n h\u00ecnh thang.<\/p>\n<p>\u0110\u1ec3 \u00fd:<br \/>\n\u00c1o ph\u1ea3n quang kh\u00f4ng bao g\u1ed3m<\/p>\n<p>Ng\u01b0\u1eddi d\u00f9ng m\u1ee5c ti\u00eau: L\u1ef1c l\u01b0\u1ee3ng V\u0169 trang, SWAT, An ninh N\u1ed9i \u0111\u1ecba, H\u1ea3i quan v\u00e0 B\u1ea3o v\u1ec7 Bi\u00ean gi\u1edbi, Ki\u1ec3m so\u00e1t Nh\u1eadp c\u01b0 v\u00e0 nh\u1eefng ng\u01b0\u1eddi kh\u00e1c ph\u1ea3i \u0111\u1ed1i m\u1eb7t v\u1edbi c\u00e1c m\u1ed1i \u0111e d\u1ecda v\u0169 kh\u00ed c\u00f3 th\u1ec3 \u0111\u01b0\u1ee3c trang b\u1ecb c\u00e1c s\u1ea3n ph\u1ea9m c\u1ee7a ch\u00fang t\u00f4i. M\u1ecdi ng\u01b0\u1eddi nh\u1eadn \u0111\u01b0\u1ee3c k\u1ebft qu\u1ea3 t\u1ed1t h\u01a1n v\u00e0 \u00edt th\u01b0\u01a1ng vong h\u01a1n. S\u1ea3n ph\u1ea9m c\u0169ng ph\u00f9 h\u1ee3p h\u01a1n v\u1edbi c\u00e1c t\u00ecnh hu\u1ed1ng nh\u01b0 nhi\u1ec7m v\u1ee5 \u0111\u01b0\u1eddng d\u00e0i ho\u1eb7c nhi\u1ec7m v\u1ee5 \u0111\u01b0\u1eddng d\u00e0i. N\u00f3 c\u0169ng l\u00e0 m\u1ed9t l\u1ef1a ch\u1ecdn t\u1ed1t \u0111\u1ec3 b\u1ea3o v\u1ec7 gia \u0111\u00ecnh c\u1ee7a b\u1ea1n<\/p>\n","protected":false},"excerpt":{"rendered":"<p>L\u1edbp l\u00f3t n\u00e0y \u0111\u01b0\u1ee3c l\u00e0m b\u1eb1ng s\u1ee3i PE nguy\u00ean ch\u1ea5t: \u01b0u \u0111i\u1ec3m l\u00e0 tr\u1ecdng l\u01b0\u1ee3ng nh\u1eb9 v\u00e0 \u00edt b\u1ecb h\u01b0 h\u1ecfng th\u1ee9 c\u1ea5p sau khi chi\u00ean. Sau khi b\u1ecb kh\u00f3a, \u0111\u1ea1n \u0111\u01b0\u1ee3c nh\u00fang v\u00e0o l\u01b0\u1ee1i ki\u1ebfm v\u1edbi x\u00e1c su\u1ea5t b\u1eadt l\u1ea1i r\u1ea5t th\u1ea5p<\/p>\n<p>T\u1ea5m ch\u1ed1ng \u0111\u1ea1n PE nguy\u00ean ch\u1ea5t, c\u1ea5p NIJ IIIA: tr\u1ecdng l\u01b0\u1ee3ng 0,5 kg, c\u00f3 ch\u00ec, s\u00fang l\u1ee5c 54, s\u00fang l\u1ee5c 64, s\u00fang ti\u1ec3u li\u00ean 79<\/p>\n<p>L\u1edbp \u0111\u1ec7m: C\u00f3 m\u1ed9t l\u1edbp \u0111\u1ec7m b\u00f4ng EVA ch\u1ed1ng s\u1ed1c b\u00ean trong m\u1ed7i t\u1ea5m ch\u1ed1ng \u0111\u1ea1n, c\u00f3 th\u1ec3 gi\u1ea3m t\u00e1c \u0111\u1ed9ng l\u00ean c\u01a1 th\u1ec3 con ng\u01b0\u1eddi sau khi b\u1ecb n\u00e9m bom m\u1ed9t c\u00e1ch hi\u1ec7u qu\u1ea3<\/p>\n<p>Thi\u1ebft k\u1ebf v\u00f2m \u0111\u00f4i: \u1ee6i c\u01a1 h\u1ecdc \u1edf m\u1eb7t tr\u00e1i v\u00e0 m\u1eb7t ph\u1ea3i c\u1ee7a v\u00e1n theo nguy\u00ean t\u1eafc c\u00f4ng th\u00e1i h\u1ecdc gi\u00fap c\u00e1c c\u1ea1nh cong v\u1eeba v\u1eb7n v\u1edbi c\u01a1 th\u1ec3<\/p>\n","protected":false},"featured_media":12106,"comment_status":"open","ping_status":"closed","template":"","meta":[],"product_brand":[],"product_cat":[880],"product_tag":[],"woo-feed-brand":[50],"class_list":{"0":"post-13958","1":"product","2":"type-product","3":"status-publish","4":"has-post-thumbnail","6":"product_cat-tam-nguc-chong-dan","7":"woo-feed-brand-tyditiao","9":"first","10":"instock","11":"sale","12":"shipping-taxable","13":"purchasable","14":"product-type-simple"},"_links":{"self":[{"href":"https:\/\/tyditiao.com\/vi\/wp-json\/wp\/v2\/product\/13958","targetHints":{"allow":["GET"]}}],"collection":[{"href":"https:\/\/tyditiao.com\/vi\/wp-json\/wp\/v2\/product"}],"about":[{"href":"https:\/\/tyditiao.com\/vi\/wp-json\/wp\/v2\/types\/product"}],"replies":[{"embeddable":true,"href":"https:\/\/tyditiao.com\/vi\/wp-json\/wp\/v2\/comments?post=13958"}],"wp:featuredmedia":[{"embeddable":true,"href":"https:\/\/tyditiao.com\/vi\/wp-json\/wp\/v2\/media\/12106"}],"wp:attachment":[{"href":"https:\/\/tyditiao.com\/vi\/wp-json\/wp\/v2\/media?parent=13958"}],"wp:term":[{"taxonomy":"product_brand","embeddable":true,"href":"https:\/\/tyditiao.com\/vi\/wp-json\/wp\/v2\/product_brand?post=13958"},{"taxonomy":"product_cat","embeddable":true,"href":"https:\/\/tyditiao.com\/vi\/wp-json\/wp\/v2\/product_cat?post=13958"},{"taxonomy":"product_tag","embeddable":true,"href":"https:\/\/tyditiao.com\/vi\/wp-json\/wp\/v2\/product_tag?post=13958"},{"taxonomy":"woo-feed-brand","embeddable":true,"href":"https:\/\/tyditiao.com\/vi\/wp-json\/wp\/v2\/woo-feed-brand?post=13958"}],"curies":[{"name":"wp","href":"https:\/\/api.w.org\/{rel}","templated":true}]}}