{"id":13978,"date":"2022-10-21T05:22:48","date_gmt":"2023-05-22T15:56:04","guid":{"rendered":"http:\/\/tyditiao.com\/product\/thep-chong-dan-nij-iii-5mm-2-6kg-ao-giap-chong-dan-250x300mm\/"},"modified":"2023-05-22T17:56:04","modified_gmt":"2023-05-22T15:56:04","slug":"chong-dan-thep-nij-cap-iii-5mm-2-6kg-bustier-bulletproof-250x300mm","status":"publish","type":"product","link":"https:\/\/tyditiao.com\/vi\/product\/chong-dan-thep-nij-cap-iii-5mm-2-6kg-bustier-bulletproof-250x300mm\/","title":{"rendered":"Th\u00e9p ch\u1ed1ng \u0111\u1ea1n, NIJ III, 5MM, 2.6KG, \u00c1o gi\u00e1p ch\u1ed1ng \u0111\u1ea1n, 250X300MM"},"content":{"rendered":"<p>C\u00e2n n\u1eb7ng: 2,6kg<br \/>\nCh\u1ea5t li\u1ec7u: th\u00e9p ch\u1ed1ng \u0111\u1ea1n;<br \/>\n\u0110\u1ed9 d\u00e0y: 5MM<br \/>\nL\u1edbp b\u1ea3o v\u1ec7: L\u1edbp NIJ III (GA5)<\/p>\n<p>K\u00edch th\u01b0\u1edbc: 25cm * 30cm<br \/>\nH\u00ecnh d\u1ea1ng: H\u00ecnh thang (T\u1ea5m h\u00ecnh thang c\u00f3 v\u00e1t g\u00f3c)<\/p>\n<p>B\u1ea3ng k\u00ea h\u00e0ng h\u00f3a:<br \/>\n1 x T\u1ea5m ch\u1ed1ng \u0111\u1ea1n h\u00ecnh thang.<\/p>\n<p>\u0110\u1ec3 \u00fd:<br \/>\n\u00c1o ph\u1ea3n quang kh\u00f4ng bao g\u1ed3m<\/p>\n<p>Ng\u01b0\u1eddi d\u00f9ng: b\u1ea3o v\u1ec7 gia \u0111\u00ecnh, nh\u00e2n vi\u00ean li\u00ean quan \u0111\u1ebfn r\u1ee7i ro, b\u1ea3o v\u1ec7 ti\u1ec1n t\u1ec7 ng\u00e2n h\u00e0ng, qu\u00e2n nh\u00e2n n\u01b0\u1edbc ngo\u00e0i, nh\u00e2n vi\u00ean xung \u0111\u1ed9t v\u0169 trang n\u01b0\u1edbc ngo\u00e0i, nh\u00e2n vi\u00ean an ninh, th\u1ee7y th\u1ee7, l\u00ednh bi\u00ean ph\u00f2ng, v.v.<\/p>\n","protected":false},"excerpt":{"rendered":"<p>\u0110\u01b0\u1ee3c l\u00e0m b\u1eb1ng t\u1ea5m th\u00e9p ch\u1ed1ng \u0111\u1ea1n \u0111\u1eb7c bi\u1ec7t: c\u00f9ng m\u1ee9c \u0111\u1ed9 b\u1ea3o v\u1ec7, v\u1edbi \u01b0u \u0111i\u1ec3m l\u00e0 m\u1ecfng v\u00e0 nh\u1eb9.<\/p>\n<p>L\u1edbp \u0111\u1ec7m: C\u00f3 m\u1ed9t l\u1edbp \u0111\u1ec7m b\u00f4ng EVA ch\u1ed1ng s\u1ed1c b\u00ean trong m\u1ed7i t\u1ea5m ch\u1ed1ng \u0111\u1ea1n, c\u00f3 th\u1ec3 gi\u1ea3m t\u00e1c \u0111\u1ed9ng l\u00ean c\u01a1 th\u1ec3 con ng\u01b0\u1eddi sau khi b\u1ecb n\u00e9m bom m\u1ed9t c\u00e1ch hi\u1ec7u qu\u1ea3<\/p>\n<p>Thi\u1ebft k\u1ebf v\u00f2m \u0111\u00f4i: \u1ee6i c\u01a1 h\u1ecdc \u1edf m\u1eb7t tr\u00e1i v\u00e0 m\u1eb7t ph\u1ea3i c\u1ee7a v\u00e1n theo nguy\u00ean t\u1eafc c\u00f4ng th\u00e1i h\u1ecdc gi\u00fap c\u00e1c c\u1ea1nh cong v\u1eeba v\u1eb7n v\u1edbi c\u01a1 th\u1ec3<\/p>\n<p>\u1ee8ng d\u1ee5ng: \u0110\u1ec3 \u0111\u1ea3m b\u1ea3o an to\u00e0n, h\u00e3y s\u1eed d\u1ee5ng n\u00f3 v\u1edbi \u00e1o kho\u00e1c chi\u1ebfn thu\u1eadt, \u00e1o kho\u00e1c, ba l\u00f4 \u0111\u1ea1n \u0111\u1ea1o, \u00e1o gi\u00e1p kh\u00e1c nhau, v.v.<\/p>\n","protected":false},"featured_media":11992,"comment_status":"open","ping_status":"closed","template":"","meta":[],"product_brand":[],"product_cat":[880],"product_tag":[],"woo-feed-brand":[50],"class_list":{"0":"post-13978","1":"product","2":"type-product","3":"status-publish","4":"has-post-thumbnail","6":"product_cat-tam-nguc-chong-dan","7":"woo-feed-brand-tyditiao","9":"first","10":"instock","11":"sale","12":"shipping-taxable","13":"purchasable","14":"product-type-simple"},"_links":{"self":[{"href":"https:\/\/tyditiao.com\/vi\/wp-json\/wp\/v2\/product\/13978","targetHints":{"allow":["GET"]}}],"collection":[{"href":"https:\/\/tyditiao.com\/vi\/wp-json\/wp\/v2\/product"}],"about":[{"href":"https:\/\/tyditiao.com\/vi\/wp-json\/wp\/v2\/types\/product"}],"replies":[{"embeddable":true,"href":"https:\/\/tyditiao.com\/vi\/wp-json\/wp\/v2\/comments?post=13978"}],"wp:featuredmedia":[{"embeddable":true,"href":"https:\/\/tyditiao.com\/vi\/wp-json\/wp\/v2\/media\/11992"}],"wp:attachment":[{"href":"https:\/\/tyditiao.com\/vi\/wp-json\/wp\/v2\/media?parent=13978"}],"wp:term":[{"taxonomy":"product_brand","embeddable":true,"href":"https:\/\/tyditiao.com\/vi\/wp-json\/wp\/v2\/product_brand?post=13978"},{"taxonomy":"product_cat","embeddable":true,"href":"https:\/\/tyditiao.com\/vi\/wp-json\/wp\/v2\/product_cat?post=13978"},{"taxonomy":"product_tag","embeddable":true,"href":"https:\/\/tyditiao.com\/vi\/wp-json\/wp\/v2\/product_tag?post=13978"},{"taxonomy":"woo-feed-brand","embeddable":true,"href":"https:\/\/tyditiao.com\/vi\/wp-json\/wp\/v2\/woo-feed-brand?post=13978"}],"curies":[{"name":"wp","href":"https:\/\/api.w.org\/{rel}","templated":true}]}}