{"id":14027,"date":"2022-10-21T05:17:38","date_gmt":"2023-05-23T00:46:05","guid":{"rendered":"http:\/\/tyditiao.com\/product\/aluminape-nij-cap-iii-20mm-2kg-tam-che-nguc-chong-dan-dan-dao-250x300mm\/"},"modified":"2023-05-23T02:46:05","modified_gmt":"2023-05-23T00:46:05","slug":"alumina-nij-level-iii-20mm-2kg-napore-bulletproof-250x300mm","status":"publish","type":"product","link":"https:\/\/tyditiao.com\/vi\/product\/alumina-nij-level-iii-20mm-2kg-napore-bulletproof-250x300mm\/","title":{"rendered":"Alumina+PE, NIJ C\u1ea5p III, 20MM, 2KG, t\u1ea5m che ng\u1ef1c ch\u1ed1ng \u0111\u1ea1n, \u0111\u1ea1n \u0111\u1ea1o 250X300MM"},"content":{"rendered":"<p>Tr\u1ecdng l\u01b0\u1ee3ng: 2kg<br \/>\nV\u1eadt ch\u1ea5t: Nh\u00f4m + PE<br \/>\n\u0110\u1ed9 d\u00e0y: 20MM<br \/>\nL\u1edbp b\u1ea3o v\u1ec7: L\u1edbp NIJ III (GA5)<\/p>\n<p>L\u1edbp ngo\u00e0i: v\u1ea3i polyester ch\u1ed1ng th\u1ea5m m\u00e0u \u0111en;<br \/>\nK\u00edch th\u01b0\u1edbc: 250x300mm \/ 9,8&#8217;x11,8&#8242;<br \/>\nH\u00ecnh d\u1ea1ng: H\u00ecnh thang (T\u1ea5m h\u00ecnh thang c\u00f3 v\u00e1t g\u00f3c)<\/p>\n<p>B\u1ea3ng k\u00ea h\u00e0ng h\u00f3a:<br \/>\n1 x T\u1ea5m ch\u1ed1ng \u0111\u1ea1n h\u00ecnh thang.<\/p>\n<p>\u0110\u1ec3 \u00fd:<br \/>\n\u00c1o ph\u1ea3n quang kh\u00f4ng bao g\u1ed3m<\/p>\n<p>Ng\u01b0\u1eddi d\u00f9ng m\u1ee5c ti\u00eau: L\u1ef1c l\u01b0\u1ee3ng V\u0169 trang, SWAT, An ninh N\u1ed9i \u0111\u1ecba, H\u1ea3i quan v\u00e0 B\u1ea3o v\u1ec7 Bi\u00ean gi\u1edbi, Ki\u1ec3m so\u00e1t Nh\u1eadp c\u01b0 v\u00e0 nh\u1eefng ng\u01b0\u1eddi kh\u00e1c ph\u1ea3i \u0111\u1ed1i m\u1eb7t v\u1edbi c\u00e1c m\u1ed1i \u0111e d\u1ecda v\u0169 kh\u00ed c\u00f3 th\u1ec3 \u0111\u01b0\u1ee3c trang b\u1ecb c\u00e1c s\u1ea3n ph\u1ea9m c\u1ee7a ch\u00fang t\u00f4i. M\u1ecdi ng\u01b0\u1eddi nh\u1eadn \u0111\u01b0\u1ee3c k\u1ebft qu\u1ea3 t\u1ed1t h\u01a1n v\u00e0 \u00edt th\u01b0\u01a1ng vong h\u01a1n. S\u1ea3n ph\u1ea9m c\u0169ng ph\u00f9 h\u1ee3p h\u01a1n v\u1edbi c\u00e1c t\u00ecnh hu\u1ed1ng nh\u01b0 nhi\u1ec7m v\u1ee5 \u0111\u01b0\u1eddng d\u00e0i ho\u1eb7c nhi\u1ec7m v\u1ee5 \u0111\u01b0\u1eddng d\u00e0i. N\u00f3 c\u0169ng l\u00e0 m\u1ed9t l\u1ef1a ch\u1ecdn t\u1ed1t \u0111\u1ec3 b\u1ea3o v\u1ec7 gia \u0111\u00ecnh c\u1ee7a b\u1ea1n<\/p>\n<p>Ch\u00e8n \u0111\u1ea1n \u0111\u1ea1o th\u01b0\u1eddng \u0111\u01b0\u1ee3c s\u1eed d\u1ee5ng trong \u00e1o gi\u00e1p ho\u1eb7c \u00e1o kho\u00e1c chi\u1ebfn thu\u1eadt. C\u00f3 hai lo\u1ea1i h\u1ed9p \u0111\u1ea1n ch\u1ed1ng \u0111\u1ea1n: ph\u00eda tr\u01b0\u1edbc v\u00e0 b\u00ean h\u00f4ng. M\u1eb7t tr\u01b0\u1edbc b\u1ea3o v\u1ec7 ng\u1ef1c v\u00e0 l\u01b0ng, m\u1eb7t b\u00ean b\u1ea3o v\u1ec7 hai b\u00ean c\u01a1 th\u1ec3. C\u00e1c \u0111\u01b0\u1eddng v\u00e1t th\u01b0\u1eddng b\u1ea3o v\u1ec7 m\u1eb7t tr\u01b0\u1edbc c\u1ee7a ng\u1ef1c v\u00e0 c\u00e1c \u00f4 vu\u00f4ng b\u1ea3o v\u1ec7 m\u1eb7t sau.<\/p>\n<p>C\u00f3 b\u1ed1n lo\u1ea1i v\u1eadt li\u1ec7u t\u1ea5m ch\u1ed1ng \u0111\u1ea1n: th\u00e9p ch\u1ed1ng \u0111\u1ea1n, polyetylen PE, PE + nh\u00f4m, PE + cacbua silic.<\/p>\n<p>C\u00e1c mi\u1ebfng ch\u00e8n ch\u1ed1ng \u0111\u1ea1n b\u1eb1ng g\u1ed1m th\u01b0\u1eddng \u0111\u01b0\u1ee3c l\u00e0m b\u1eb1ng c\u00e1c v\u1eadt li\u1ec7u nh\u01b0 g\u1ed1m v\u00e0 polyetylen PE. Quy t\u1eafc l\u00e0: khi m\u1ed9t vi\u00ean \u0111\u1ea1n ch\u1ea1m v\u00e0o h\u1ed9p \u0111\u1ea1n, vi\u00ean \u0111\u1ea1n s\u1ebd ch\u1ea1m v\u00e0o m\u1eb7t tr\u00ean c\u1ee7a l\u1edbp g\u1ed1m tr\u01b0\u1edbc. L\u1ef1c t\u00e1c \u0111\u1ed9ng r\u1ea5t l\u1edbn c\u1ee7a \u0111\u01b0\u1eddng \u0111\u1ea1n \u0111\u01b0\u1ee3c truy\u1ec1n ra m\u00f4i tr\u01b0\u1eddng, h\u1ea5p th\u1ee5 \u0111\u1ed9ng n\u0103ng r\u1ea5t l\u1edbn c\u1ee7a \u0111\u01b0\u1eddng \u0111\u1ea1n. Khi \u0111\u1ea1n xuy\u00ean qua l\u1edbp g\u1ed1m, n\u00f3 s\u1ebd m\u1ea5t ph\u1ea7n l\u1edbn \u0111\u1ed9ng n\u0103ng. Khi \u0111\u01b0\u1eddng \u0111\u1ea1n ch\u1ea1m \u0111\u1ebfn l\u1edbp polyetylen, polyetylen s\u1ebd ti\u00eau t\u00e1n \u0111\u1ed9ng n\u0103ng c\u1ee7a \u0111\u01b0\u1eddng \u0111\u1ea1n b\u1eb1ng c\u00e1ch k\u00e9o d\u00e0i v\u00e0 bao b\u1ecdc \u0111\u01b0\u1eddng \u0111\u1ea1n v\u00e0 c\u00e1c m\u1ea3nh v\u1ee1, \u00edt \u1ea3nh h\u01b0\u1edfng \u0111\u1ebfn c\u01a1 th\u1ec3, mang l\u1ea1i kh\u1ea3 n\u0103ng b\u1ea3o v\u1ec7 tuy\u1ec7t v\u1eddi.<\/p>\n","protected":false},"excerpt":{"rendered":"<p>\u1ede c\u00f9ng m\u1ed9t \u0111\u00e1nh gi\u00e1 \u0111\u1ea1n \u0111\u1ea1o, n\u00f3 nh\u1eb9 h\u01a1n th\u00e9p v\u00e0 r\u1ebb h\u01a1n so v\u1edbi cacbua silic, v\u00ec v\u1eady \u0111\u1ea1n \u0111\u1ea1o g\u1ed1m alumina l\u00e0 m\u1ed9t s\u1ef1 c\u00e2n b\u1eb1ng t\u1ed1t.<\/p>\n<p>L\u1edbp tr\u00ean c\u00f9ng \u0111\u01b0\u1ee3c l\u00e0m b\u1eb1ng v\u1ea3i polyester ch\u1ed1ng n\u01b0\u1edbc, v\u00e0 b\u1ea3ng \u0111i\u1ec1u khi\u1ec3n kh\u00f4ng th\u1ea5m n\u01b0\u1edbc v\u00e0 ch\u1ed1ng b\u00e1m b\u1ea9n.<\/p>\n<p>L\u1edbp \u0111\u1ec7m: M\u1ed7i t\u1ea5m ch\u1ed1ng \u0111\u1ea1n \u0111\u01b0\u1ee3c g\u1eafn v\u00e0o l\u1edbp b\u00ean trong c\u1ee7a t\u1ea5m \u0111\u1ec7m ch\u1ed1ng s\u1ed1c EVA, c\u00f3 th\u1ec3 gi\u1ea3m t\u00e1c \u0111\u1ed9ng l\u00ean c\u01a1 th\u1ec3 con ng\u01b0\u1eddi sau v\u1ee5 n\u1ed5 m\u1ed9t c\u00e1ch hi\u1ec7u qu\u1ea3<\/p>\n<p>V\u1eadt li\u1ec7u t\u1ea5m: l\u1edbp tr\u00ean c\u00f9ng l\u00e0 t\u1ea5m g\u1ed1m nh\u00f4m, l\u1edbp d\u01b0\u1edbi c\u00f9ng l\u00e0 t\u1ea5m ch\u1ed1ng \u0111\u1ea1n PE;<\/p>\n","protected":false},"featured_media":11954,"comment_status":"open","ping_status":"closed","template":"","meta":[],"product_brand":[],"product_cat":[880],"product_tag":[],"woo-feed-brand":[50],"class_list":{"0":"post-14027","1":"product","2":"type-product","3":"status-publish","4":"has-post-thumbnail","6":"product_cat-tam-nguc-chong-dan","7":"woo-feed-brand-tyditiao","9":"first","10":"instock","11":"sale","12":"shipping-taxable","13":"purchasable","14":"product-type-simple"},"_links":{"self":[{"href":"https:\/\/tyditiao.com\/vi\/wp-json\/wp\/v2\/product\/14027","targetHints":{"allow":["GET"]}}],"collection":[{"href":"https:\/\/tyditiao.com\/vi\/wp-json\/wp\/v2\/product"}],"about":[{"href":"https:\/\/tyditiao.com\/vi\/wp-json\/wp\/v2\/types\/product"}],"replies":[{"embeddable":true,"href":"https:\/\/tyditiao.com\/vi\/wp-json\/wp\/v2\/comments?post=14027"}],"wp:featuredmedia":[{"embeddable":true,"href":"https:\/\/tyditiao.com\/vi\/wp-json\/wp\/v2\/media\/11954"}],"wp:attachment":[{"href":"https:\/\/tyditiao.com\/vi\/wp-json\/wp\/v2\/media?parent=14027"}],"wp:term":[{"taxonomy":"product_brand","embeddable":true,"href":"https:\/\/tyditiao.com\/vi\/wp-json\/wp\/v2\/product_brand?post=14027"},{"taxonomy":"product_cat","embeddable":true,"href":"https:\/\/tyditiao.com\/vi\/wp-json\/wp\/v2\/product_cat?post=14027"},{"taxonomy":"product_tag","embeddable":true,"href":"https:\/\/tyditiao.com\/vi\/wp-json\/wp\/v2\/product_tag?post=14027"},{"taxonomy":"woo-feed-brand","embeddable":true,"href":"https:\/\/tyditiao.com\/vi\/wp-json\/wp\/v2\/woo-feed-brand?post=14027"}],"curies":[{"name":"wp","href":"https:\/\/api.w.org\/{rel}","templated":true}]}}