{"id":14084,"date":"2022-10-21T05:10:23","date_gmt":"2022-10-21T03:10:23","guid":{"rendered":"http:\/\/tyditiao.com\/product\/sicpe-nij-cap-iv-23mm-2-5kg-tam-lot-dan-dao-chong-dan-250x300mm\/"},"modified":"2026-01-26T09:05:20","modified_gmt":"2026-01-26T07:05:20","slug":"sicpe-nij-level-iv-23mm-2-5kgn-dan-chong-dan-250x300mm","status":"publish","type":"product","link":"https:\/\/tyditiao.com\/vi\/product\/sicpe-nij-level-iv-23mm-2-5kgn-dan-chong-dan-250x300mm\/","title":{"rendered":"SIC+PE, NIJ C\u1ea5p IV, 23MM, 2.5KG, t\u1ea5m l\u00f3t \u0111\u1ea1n \u0111\u1ea1o ch\u1ed1ng \u0111\u1ea1n, 250X300MM"},"content":{"rendered":"<p>T\u00ean: T\u1ea5m ch\u1ed1ng \u0111\u1ea1n cacbua silic si\u00eau nh\u1eb9 NIJ c\u1ea5p IV<\/p>\n<p>Ti\u00eau chu\u1ea9n: NIJ 0101.06 Class IV, ch\u00fang t\u00f4i c\u00f3 th\u1ec3 cung c\u1ea5p b\u00e1o c\u00e1o th\u1eed nghi\u1ec7m t\u01b0\u01a1ng \u1ee9ng.<\/p>\n<p>Ch\u1ea5t li\u1ec7u: SiC + UHMW-PE<\/p>\n<p>Tr\u1ecdng l\u01b0\u1ee3ng: 2,5kg + 0,05kg \/ 2,20 + 0,11LB<\/p>\n<p>\u0110\u1ed9 d\u00e0y: 23mm<\/p>\n<p>L\u1edbp ngo\u00e0i: v\u1ea3i polyester ch\u1ed1ng th\u1ea5m m\u00e0u \u0111en;<br \/>\nK\u00edch th\u01b0\u1edbc: 250x300mm \/ 9,8&#8217;x11,8&#8242;<br \/>\nH\u00ecnh d\u1ea1ng: H\u00ecnh thang (T\u1ea5m h\u00ecnh thang c\u00f3 v\u00e1t g\u00f3c)<\/p>\n<p>B\u1ea3ng k\u00ea h\u00e0ng h\u00f3a:<br \/>\n1 x T\u1ea5m ch\u1ed1ng \u0111\u1ea1n h\u00ecnh thang.<\/p>\n<p>\u0110\u1ec3 \u00fd:<br \/>\n\u00c1o ph\u1ea3n quang kh\u00f4ng bao g\u1ed3m<\/p>\n<p>\u0110\u1ed1i t\u01b0\u1ee3ng s\u1eed d\u1ee5ng: T\u1ea5m ch\u1ed1ng \u0111\u1ea1n Sic si\u00eau nh\u1eb9 NIJ Class IV \u0111\u1ec3 s\u1eed d\u1ee5ng ch\u1ed1ng l\u1ea1i c\u00e1c m\u1ed1i \u0111e d\u1ecda li\u00ean quan \u0111\u1ebfn v\u0169 kh\u00ed. C\u00e1c l\u1ef1c l\u01b0\u1ee3ng v\u0169 trang, c\u01a1 quan SWAT, c\u01a1 quan an ninh n\u1ed9i b\u1ed9, c\u01a1 quan h\u1ea3i quan v\u00e0 b\u1ea3o v\u1ec7 bi\u00ean gi\u1edbi, c\u01a1 quan ki\u1ec3m so\u00e1t nh\u1eadp c\u01b0 v\u00e0 c\u00e1c c\u01a1 quan kh\u00e1c c\u00f3 nguy c\u01a1 s\u1eed d\u1ee5ng s\u00fang c\u00f3 th\u1ec3 \u0111\u01b0\u1ee3c trang b\u1ecb c\u00e1c s\u1ea3n ph\u1ea9m c\u1ee7a ch\u00fang t\u00f4i. M\u1ecdi ng\u01b0\u1eddi nh\u1eadn \u0111\u01b0\u1ee3c k\u1ebft qu\u1ea3 t\u1ed1t h\u01a1n v\u00e0 \u00edt th\u01b0\u01a1ng vong h\u01a1n. S\u1ea3n ph\u1ea9m c\u0169ng ph\u00f9 h\u1ee3p h\u01a1n v\u1edbi c\u00e1c t\u00ecnh hu\u1ed1ng nh\u01b0 nhi\u1ec7m v\u1ee5 \u0111\u01b0\u1eddng d\u00e0i ho\u1eb7c nhi\u1ec7m v\u1ee5 \u0111\u01b0\u1eddng d\u00e0i. N\u00f3 c\u0169ng l\u00e0 m\u1ed9t l\u1ef1a ch\u1ecdn t\u1ed1t \u0111\u1ec3 b\u1ea3o v\u1ec7 gia \u0111\u00ecnh c\u1ee7a b\u1ea1n<\/p>\n<p><!--th\u00eam--><\/p>\n<p>C\u00e1c th\u00f4ng s\u1ed1 c\u1ee7a \u0111\u1ea1n m\u00e0 NIJ IV c\u00f3 th\u1ec3 ch\u1ed1ng l\u1ea1i:<\/p>\n<p>V\u1ecf ho\u00e0n to\u00e0n b\u1eb1ng kim lo\u1ea1i 7,62 x 51mm M80 (FMJ) \/ B\u00f3ng NATO;<\/p>\n<p>L\u00f5i ch\u00ec 7,62 x 39mm AK47 (LC) \/ L\u00f5i th\u00e9p nh\u1eb9 (MSC);<\/p>\n<p>5,56 x 45 mm M193 Ch\u00ec (LC) \/ NATO SS109 Ball;<\/p>\n<p>Ch\u00e8n \u0111\u1ea1n \u0111\u1ea1o th\u01b0\u1eddng \u0111\u01b0\u1ee3c s\u1eed d\u1ee5ng trong \u00e1o gi\u00e1p ho\u1eb7c \u00e1o kho\u00e1c chi\u1ebfn thu\u1eadt. C\u00f3 hai lo\u1ea1i h\u1ed9p \u0111\u1ea1n ch\u1ed1ng \u0111\u1ea1n: ph\u00eda tr\u01b0\u1edbc v\u00e0 b\u00ean h\u00f4ng. M\u1eb7t tr\u01b0\u1edbc b\u1ea3o v\u1ec7 ng\u1ef1c v\u00e0 l\u01b0ng, m\u1eb7t b\u00ean b\u1ea3o v\u1ec7 hai b\u00ean c\u01a1 th\u1ec3. C\u00e1c \u0111\u01b0\u1eddng v\u00e1t th\u01b0\u1eddng b\u1ea3o v\u1ec7 m\u1eb7t tr\u01b0\u1edbc c\u1ee7a ng\u1ef1c v\u00e0 c\u00e1c \u00f4 vu\u00f4ng b\u1ea3o v\u1ec7 m\u1eb7t sau.<\/p>\n<p>C\u00f3 b\u1ed1n lo\u1ea1i v\u1eadt li\u1ec7u t\u1ea5m ch\u1ed1ng \u0111\u1ea1n: th\u00e9p ch\u1ed1ng \u0111\u1ea1n, polyetylen PE, PE + nh\u00f4m, PE + cacbua silic. C\u00f3 s\u1eb5n trong m\u1ed9t lo\u1ea1t c\u00e1c m\u00f4 h\u00ecnh v\u1eadt li\u1ec7u, pin n\u00e0y l\u00e0 PE + silicon nguy\u00ean ch\u1ea5t.<\/p>\n<p>C\u00e1c mi\u1ebfng ch\u00e8n ch\u1ed1ng \u0111\u1ea1n b\u1eb1ng g\u1ed1m th\u01b0\u1eddng \u0111\u01b0\u1ee3c l\u00e0m b\u1eb1ng c\u00e1c v\u1eadt li\u1ec7u nh\u01b0 g\u1ed1m v\u00e0 polyetylen PE. Quy t\u1eafc l\u00e0: khi m\u1ed9t vi\u00ean \u0111\u1ea1n ch\u1ea1m v\u00e0o h\u1ed9p \u0111\u1ea1n, vi\u00ean \u0111\u1ea1n s\u1ebd ch\u1ea1m v\u00e0o m\u1eb7t tr\u00ean c\u1ee7a l\u1edbp g\u1ed1m tr\u01b0\u1edbc. L\u1ef1c t\u00e1c \u0111\u1ed9ng r\u1ea5t l\u1edbn c\u1ee7a \u0111\u01b0\u1eddng \u0111\u1ea1n \u0111\u01b0\u1ee3c truy\u1ec1n ra m\u00f4i tr\u01b0\u1eddng, h\u1ea5p th\u1ee5 \u0111\u1ed9ng n\u0103ng r\u1ea5t l\u1edbn c\u1ee7a \u0111\u01b0\u1eddng \u0111\u1ea1n. Khi \u0111\u1ea1n xuy\u00ean qua l\u1edbp g\u1ed1m, n\u00f3 s\u1ebd m\u1ea5t ph\u1ea7n l\u1edbn \u0111\u1ed9ng n\u0103ng. Khi \u0111\u01b0\u1eddng \u0111\u1ea1n ch\u1ea1m \u0111\u1ebfn l\u1edbp polyetylen, polyetylen s\u1ebd ti\u00eau t\u00e1n \u0111\u1ed9ng n\u0103ng c\u1ee7a \u0111\u01b0\u1eddng \u0111\u1ea1n b\u1eb1ng c\u00e1ch k\u00e9o d\u00e0i v\u00e0 bao b\u1ecdc \u0111\u01b0\u1eddng \u0111\u1ea1n v\u00e0 c\u00e1c m\u1ea3nh v\u1ee1, \u00edt \u1ea3nh h\u01b0\u1edfng \u0111\u1ebfn c\u01a1 th\u1ec3, mang l\u1ea1i kh\u1ea3 n\u0103ng b\u1ea3o v\u1ec7 tuy\u1ec7t v\u1eddi.<\/p>\n","protected":false},"excerpt":{"rendered":"<p>T\u1ea5m \u0111\u1ea1n \u0111\u1ea1o si\u00eau nh\u1eb9 l\u00e0m b\u1eb1ng cacbua silic c\u1ea5p IV c\u1ee7a NIJ c\u00f3 th\u1ec3 ch\u1ed1ng l\u1ea1i m\u1ed1i \u0111e d\u1ecda t\u1eeb \u0111\u1ea1n s\u00fang tr\u01b0\u1eddng th\u00f4ng th\u01b0\u1eddng.<\/p>\n<p>Qu\u00e1 tr\u00ecnh tr\u01b0\u1edfng th\u00e0nh: s\u1ebd cho th\u1ea5y hi\u1ec7u su\u1ea5t b\u1ea3o v\u1ec7 \u1ed5n \u0111\u1ecbnh v\u00e0 tuy\u1ec7t v\u1eddi.<\/p>\n<p>Nh\u1eb9 h\u01a1n v\u00e0 ti\u1ec7n l\u1ee3i h\u01a1n so v\u1edbi t\u1ea5m g\u1ed1m alumina.<\/p>\n<p>L\u1edbp tr\u00ean c\u00f9ng \u0111\u01b0\u1ee3c l\u00e0m b\u1eb1ng v\u1ea3i polyester ch\u1ed1ng n\u01b0\u1edbc, v\u00e0 b\u1ea3ng \u0111i\u1ec1u khi\u1ec3n kh\u00f4ng th\u1ea5m n\u01b0\u1edbc v\u00e0 ch\u1ed1ng b\u00e1m b\u1ea9n.<\/p>\n","protected":false},"featured_media":12049,"comment_status":"open","ping_status":"closed","template":"","meta":[],"product_brand":[],"product_cat":[880],"product_tag":[],"woo-feed-brand":[50],"class_list":{"0":"post-14084","1":"product","2":"type-product","3":"status-publish","4":"has-post-thumbnail","6":"product_cat-tam-nguc-chong-dan","7":"woo-feed-brand-tyditiao","9":"first","10":"instock","11":"sale","12":"shipping-taxable","13":"purchasable","14":"product-type-simple"},"_links":{"self":[{"href":"https:\/\/tyditiao.com\/vi\/wp-json\/wp\/v2\/product\/14084","targetHints":{"allow":["GET"]}}],"collection":[{"href":"https:\/\/tyditiao.com\/vi\/wp-json\/wp\/v2\/product"}],"about":[{"href":"https:\/\/tyditiao.com\/vi\/wp-json\/wp\/v2\/types\/product"}],"replies":[{"embeddable":true,"href":"https:\/\/tyditiao.com\/vi\/wp-json\/wp\/v2\/comments?post=14084"}],"wp:featuredmedia":[{"embeddable":true,"href":"https:\/\/tyditiao.com\/vi\/wp-json\/wp\/v2\/media\/12049"}],"wp:attachment":[{"href":"https:\/\/tyditiao.com\/vi\/wp-json\/wp\/v2\/media?parent=14084"}],"wp:term":[{"taxonomy":"product_brand","embeddable":true,"href":"https:\/\/tyditiao.com\/vi\/wp-json\/wp\/v2\/product_brand?post=14084"},{"taxonomy":"product_cat","embeddable":true,"href":"https:\/\/tyditiao.com\/vi\/wp-json\/wp\/v2\/product_cat?post=14084"},{"taxonomy":"product_tag","embeddable":true,"href":"https:\/\/tyditiao.com\/vi\/wp-json\/wp\/v2\/product_tag?post=14084"},{"taxonomy":"woo-feed-brand","embeddable":true,"href":"https:\/\/tyditiao.com\/vi\/wp-json\/wp\/v2\/woo-feed-brand?post=14084"}],"curies":[{"name":"wp","href":"https:\/\/api.w.org\/{rel}","templated":true}]}}