{"id":14143,"date":"2022-10-11T12:39:23","date_gmt":"2022-10-11T10:39:23","guid":{"rendered":"http:\/\/tyditiao.com\/product\/mat-na-nua-mat-chong-dan-kevlar-nij-iiia-mat-na-chong-dan-aramid-cho-mu-bao-hiem-chong-dan-chien-thuat\/"},"modified":"2026-01-26T09:06:24","modified_gmt":"2026-01-26T07:06:24","slug":"dan-dao-kevlar-nij-iiia-aramid-mat-na-dan-dao-phu-hop-voi-chien-thuat-dan-dao-mu-bao-hiem-wendy-nhanh-chong-michigan-fit","status":"publish","type":"product","link":"https:\/\/tyditiao.com\/vi\/product\/dan-dao-kevlar-nij-iiia-aramid-mat-na-dan-dao-phu-hop-voi-chien-thuat-dan-dao-mu-bao-hiem-wendy-nhanh-chong-michigan-fit\/","title":{"rendered":"M\u1eb7t n\u1ea1 n\u1eeda m\u1eb7t ch\u1ed1ng \u0111\u1ea1n Kevlar NIJ IIIA, M\u1eb7t n\u1ea1 ch\u1ed1ng \u0111\u1ea1n Aramid cho M\u0169 b\u1ea3o hi\u1ec3m ch\u1ed1ng \u0111\u1ea1n chi\u1ebfn thu\u1eadt"},"content":{"rendered":"<p>C\u00e2n n\u1eb7ng: 0,68kg<\/p>\n<p>Ch\u1ea5t li\u1ec7u: Aramit<\/p>\n<p>\u0110\u1ed9 d\u00e0y: Aramid d\u00e0y 8 mm v\u00e0 l\u1edbp ph\u1ee7 1 mm<\/p>\n<p>L\u1edbp b\u1ea3o v\u1ec7: NIJ 0101.06 c\u1ea5p IIIA<\/p>\n<p>K\u00edch th\u01b0\u1edbc: M\u1ed9t k\u00edch th\u01b0\u1edbc ph\u00f9 h\u1ee3p v\u1edbi t\u1ea5t c\u1ea3<\/p>\n<p>Hi\u1ec7u l\u1ef1c: 5 n\u0103m<\/p>\n<p>C\u00e1c t\u00ecnh hu\u1ed1ng \u00e1p d\u1ee5ng: b\u1ea3o v\u1ec7 nh\u00e0, an ninh, thi\u1ebft b\u1ecb c\u1ea3nh s\u00e1t, chi\u1ebfn \u0111\u1ea5u th\u1ef1c t\u1ebf, cosplay<\/p>\n<p>D\u1ecbch v\u1ee5 OEM\/ODM c\u00f3 s\u1eb5n theo y\u00eau c\u1ea7u<\/p>\n<p>&nbsp;<\/p>\n<p>G\u00f3i h\u00e0ng bao g\u1ed3m: 1X M\u1eb7t n\u1ea1 ch\u1ed1ng \u0111\u1ea1n n\u1eeda m\u1eb7t<\/p>\n","protected":false},"excerpt":{"rendered":"<p>Ch\u1ea5t li\u1ec7u: \u0110\u01b0\u1ee3c l\u00e0m t\u1eeb s\u1ee3i Kevlar nh\u1eb9 ti\u00ean ti\u1ebfn c\u1ee9ng h\u01a1n th\u00e9p g\u1ea5p 15 l\u1ea7n \u0111\u1ec3 gi\u1ea3m thi\u1ec3u m\u1ed1i \u0111e d\u1ecda c\u1ee7a \u0111\u1ea1n<\/p>\n<p>Thi\u1ebft k\u1ebf c\u00f4ng th\u00e1i h\u1ecdc \u0111\u1ed9c \u0111\u00e1o: B\u0103ng \u0111\u00f4 nylon c\u00f3 th\u1ec3 \u0111i\u1ec1u ch\u1ec9nh 6 \u0111i\u1ec3m v\u00e0 \u0111\u1ec7m b\u1ed5 sung ph\u00f9 h\u1ee3p v\u1edbi m\u1ecdi h\u00ecnh d\u1ea1ng \u0111\u1ea7u v\u00e0 c\u1ea3i thi\u1ec7n s\u1ef1 tho\u1ea3i m\u00e1i khi \u0111eo<\/p>\n<p>Kh\u1ea3 n\u0103ng th\u00edch \u1ee9ng t\u1ed1t: c\u00f3 th\u1ec3 \u0111\u01b0\u1ee3c s\u1eed d\u1ee5ng v\u1edbi FAST, WENDY, MICH v\u00e0 c\u00e1c lo\u1ea1i m\u0169 ch\u1ed1ng \u0111\u1ea1n kh\u00e1c, che ph\u1ee7 ho\u00e0n to\u00e0n khu\u00f4n m\u1eb7t c\u1ee7a ng\u01b0\u1eddi \u0111eo<\/p>\n<p>S\u1eed d\u1ee5ng \u00e1p d\u1ee5ng: b\u1ea3o v\u1ec7 nh\u00e0, qu\u00e2n \u0111\u1ed9i, nh\u00e2n vi\u00ean tham gia c\u00e1c ho\u1ea1t \u0111\u1ed9ng nguy hi\u1ec3m, hu\u1ea5n luy\u1ec7n th\u1ef1c \u0111\u1ecba, v\u1ec7 s\u0129, nh\u00e2n vi\u00ean tham gia c\u00e1c ho\u1ea1t \u0111\u1ed9ng nguy hi\u1ec3m \u1edf c\u00e1c khu v\u1ef1c xung \u0111\u1ed9t v\u0169 trang n\u01b0\u1edbc ngo\u00e0i<\/p>\n","protected":false},"featured_media":11574,"comment_status":"open","ping_status":"closed","template":"","meta":[],"product_brand":[],"product_cat":[607],"product_tag":[],"woo-feed-brand":[50],"class_list":{"0":"post-14143","1":"product","2":"type-product","3":"status-publish","4":"has-post-thumbnail","6":"product_cat-mat-na-dan-dao","7":"product_shipping_class-0-3kg-vi","8":"woo-feed-brand-tyditiao","10":"first","11":"instock","12":"sale","13":"shipping-taxable","14":"purchasable","15":"product-type-simple"},"_links":{"self":[{"href":"https:\/\/tyditiao.com\/vi\/wp-json\/wp\/v2\/product\/14143","targetHints":{"allow":["GET"]}}],"collection":[{"href":"https:\/\/tyditiao.com\/vi\/wp-json\/wp\/v2\/product"}],"about":[{"href":"https:\/\/tyditiao.com\/vi\/wp-json\/wp\/v2\/types\/product"}],"replies":[{"embeddable":true,"href":"https:\/\/tyditiao.com\/vi\/wp-json\/wp\/v2\/comments?post=14143"}],"wp:featuredmedia":[{"embeddable":true,"href":"https:\/\/tyditiao.com\/vi\/wp-json\/wp\/v2\/media\/11574"}],"wp:attachment":[{"href":"https:\/\/tyditiao.com\/vi\/wp-json\/wp\/v2\/media?parent=14143"}],"wp:term":[{"taxonomy":"product_brand","embeddable":true,"href":"https:\/\/tyditiao.com\/vi\/wp-json\/wp\/v2\/product_brand?post=14143"},{"taxonomy":"product_cat","embeddable":true,"href":"https:\/\/tyditiao.com\/vi\/wp-json\/wp\/v2\/product_cat?post=14143"},{"taxonomy":"product_tag","embeddable":true,"href":"https:\/\/tyditiao.com\/vi\/wp-json\/wp\/v2\/product_tag?post=14143"},{"taxonomy":"woo-feed-brand","embeddable":true,"href":"https:\/\/tyditiao.com\/vi\/wp-json\/wp\/v2\/woo-feed-brand?post=14143"}],"curies":[{"name":"wp","href":"https:\/\/api.w.org\/{rel}","templated":true}]}}