{"id":14181,"date":"2022-06-13T04:36:04","date_gmt":"2022-06-13T02:36:04","guid":{"rendered":"http:\/\/tyditiao.com\/product\/mu-bao-hiem-quan-doi-giap-than-cap-iiia-mu-bao-hiem-chien-thuat-quan-su-cua-wendy-nau-nhat\/"},"modified":"2026-01-26T09:06:35","modified_gmt":"2026-01-26T07:06:35","slug":"wendys-bulletproof-mu-bao-hiem-kevlar-mu-bao-hiem-chien-thuat-nau-nhat","status":"publish","type":"product","link":"https:\/\/tyditiao.com\/vi\/product\/wendys-bulletproof-mu-bao-hiem-kevlar-mu-bao-hiem-chien-thuat-nau-nhat\/","title":{"rendered":"M\u0169 b\u1ea3o hi\u1ec3m qu\u00e2n \u0111\u1ed9i, Gi\u00e1p th\u00e2n c\u1ea5p IIIA, M\u0169 b\u1ea3o hi\u1ec3m chi\u1ebfn thu\u1eadt qu\u00e2n s\u1ef1 c\u1ee7a Wendy, N\u00e2u nh\u1ea1t"},"content":{"rendered":"<p>M\u0169 b\u1ea3o hi\u1ec3m \u0111\u1ea1n \u0111\u1ea1o IIIA chi\u1ebfn thu\u1eadt qu\u00e2n \u0111\u1ed9i wendy \u0111\u01b0\u1ee3c thi\u1ebft k\u1ebf si\u00eau nh\u1eb9 v\u00e0 r\u1ea5t tho\u1ea3i m\u00e1i khi \u0111\u1ed9i. \u0110i\u1ec1u ch\u1ec9nh b\u1eb1ng m\u1ed9t tay nhanh ch\u00f3ng v\u00e0 d\u1ec5 d\u00e0ng \u0111\u1ea3m b\u1ea3o ph\u00f9 h\u1ee3p ch\u00ednh x\u00e1c. N\u00f3 c\u0169ng \u0111\u01b0\u1ee3c trang b\u1ecb c\u00e1c mi\u1ebfng \u0111\u1ec7m h\u1ea5p th\u1ee5 n\u0103ng l\u01b0\u1ee3ng ch\u1ea5t l\u01b0\u1ee3ng cao, c\u00f3 th\u1ec3 h\u1ea5p th\u1ee5 l\u1ef1c t\u00e1c \u0111\u1ed9ng m\u1ed9t c\u00e1ch hi\u1ec7u qu\u1ea3, gi\u1ea3m bi\u1ebfn d\u1ea1ng th\u00e2n m\u0169 sau khi tr\u00fang \u0111\u1ea1n, \u0111\u1ed3ng th\u1eddi gi\u1ea3m t\u1ef7 l\u1ec7 th\u01b0\u01a1ng t\u1eadt v\u00e0 m\u1ee9c \u0111\u1ed9 nghi\u00eam tr\u1ecdng c\u1ee7a ng\u01b0\u1eddi s\u1eed d\u1ee5ng. M\u0169 b\u1ea3o hi\u1ec3m chi\u1ebfn thu\u1eadt qu\u00e2n \u0111\u1ed9i wendy \u0111\u01b0\u1ee3c trang b\u1ecb c\u00e1c gi\u00e1 \u0111\u1ee1 \u0111a n\u0103ng v\u00e0 t\u1ef1a \u0111\u1ea7u, gi\u00fap Wendy c\u00f3 nhi\u1ec1u kh\u1ea3 n\u0103ng h\u01a1n. So v\u1edbi m\u0169 ch\u1ed1ng \u0111\u1ea1n MICH, tr\u1ecdng l\u01b0\u1ee3ng nh\u1eb9 h\u01a1n \u0111\u1ed3ng ngh\u0129a v\u1edbi vi\u1ec7c kh\u00f4ng c\u1ea7n \u0111\u1ed9i th\u00eam g\u00e1nh n\u1eb7ng l\u00ean \u0111\u1ea7u m\u00e0 c\u00f3 th\u1ec3 mang theo c\u00e1c thi\u1ebft b\u1ecb hi\u1ec7n \u0111\u1ea1i h\u01a1n, ph\u00f9 h\u1ee3p h\u01a1n cho vi\u1ec7c trao \u0111\u1ed5i th\u00f4ng tin gi\u1eefa c\u00e1c \u0111\u1ed9i.<\/p>\n<hr \/>\n<p><strong>L\u1edbp ph\u00f2ng th\u1ee7:<\/strong><\/p>\n<p>M\u0169 ch\u1ed1ng \u0111\u1ea1n n\u00e0y l\u00e0 m\u0169 ch\u1ed1ng \u0111\u1ea1n NIJ C\u1ea5p IIIA theo ti\u00eau chu\u1ea9n NIJ 0101.06 v\u00e0 c\u00f3 th\u1ec3 cung c\u1ea5p b\u00e1o c\u00e1o th\u1eed nghi\u1ec7m t\u01b0\u01a1ng \u1ee9ng.<\/p>\n<hr \/>\n<p><strong>Th\u00f4ng s\u1ed1 \u0111\u01b0\u1eddng \u0111\u1ea1n ph\u00f2ng th\u1ee7:<\/strong><\/p>\n<p>.44 Mag SJHP<br \/>\n.357 SIG FMJ FN<br \/>\nFMJ 9mm<br \/>\n.357 Mag JSP<br \/>\n.40 S&amp;W FMJ<\/p>\n<p>C\u0169ng cung c\u1ea5p kh\u1ea3 n\u0103ng b\u1ea3o v\u1ec7 ch\u1ed1ng l\u1ea1i h\u1ea7u h\u1ebft c\u00e1c m\u1ed1i \u0111e d\u1ecda t\u1eeb s\u00fang ng\u1eafn c\u0169ng nh\u01b0 c\u00e1c m\u1ed1i \u0111e d\u1ecda Lo\u1ea1i IIA v\u00e0 II<\/p>\n<hr \/>\n<p><strong>Th\u00f4ng s\u1ed1 m\u0169 b\u1ea3o hi\u1ec3m ch\u1ed1ng \u0111\u1ea1n:<\/strong><br \/>\nT\u00ean: M\u0169 b\u1ea3o hi\u1ec3m ch\u1ed1ng \u0111\u1ea1n NIJ lllA WENDY<\/p>\n<p>V\u1eadt ch\u1ea5t: S\u1ee3i Kevlar-DuPont Aramid c\u00f3 \u0111\u1ed9 b\u1ec1n k\u00e9o cao<\/p>\n<p>Chu vi v\u00f2ng \u0111\u1ea7u: 52-60 cm<\/p>\n<p>L\u1edbp l\u00f3t: Mi\u1ebfng \u0111\u1ec7m va ch\u1ea1m b\u1eb1ng b\u1ecdt Zorbium gi\u00fap b\u1ea1n m\u00e1t m\u1ebb v\u00e0 kh\u00f4 r\u00e1o v\u1edbi l\u1edbp l\u00f3t kh\u00f4ng th\u1ea5m n\u01b0\u1edbc, tho\u1ea3i m\u00e1i v\u00e0 l\u1edbp ph\u1ee7 kh\u00e1ng khu\u1ea9n th\u1ea5m m\u1ed3 h\u00f4i. Cung c\u1ea5p \u00edt h\u01a1n m\u1ed9t n\u1eeda l\u1ef1c c\u1ea7n thi\u1ebft cho c\u00e1c c\u00fa s\u1ed1c l\u1eb7p \u0111i l\u1eb7p l\u1ea1i trong m\u1ecdi \u0111i\u1ec1u ki\u1ec7n m\u00f4i tr\u01b0\u1eddng. M\u0169 b\u1ea3o hi\u1ec3m \u0111\u1ea1t ti\u00eau chu\u1ea9n v\u1edbi ba mi\u1ebfng \u0111\u1ec7m t\u00e1c \u0111\u1ed9ng b\u1ed5 sung v\u00e0 t\u00e1m mi\u1ebfng \u0111\u1ec7m \u0111i\u1ec1u ch\u1ec9nh c\u00f3 th\u1ec3 \u0111\u01b0\u1ee3c l\u1eafp \u0111\u1eb7t linh ho\u1ea1t theo y\u00eau c\u1ea7u c\u1ee7a ng\u01b0\u1eddi d\u00f9ng \u0111\u1ec3 mang l\u1ea1i s\u1ef1 v\u1eeba v\u1eb7n v\u00e0 tho\u1ea3i m\u00e1i t\u1ed1i \u01b0u.<\/p>\n<p>C\u00e1c ph\u1ee5 ki\u1ec7n t\u00f9y ch\u1ecdn: m\u1eb7t n\u1ea1 oxy b\u01a1m h\u01a1i, t\u1ea5m ch\u1eafn m\u1eb7t, t\u1ea5m ch\u1eafn b\u00ean, t\u1ea5m ch\u1eafn b\u00ean b\u1ecdc th\u00e9p, t\u1ea5m ch\u1eafn b\u1ea3o v\u1ec7, t\u1ea5m ch\u1eafn m\u0169 b\u1ea3o hi\u1ec3m, m\u1eb7t n\u1ea1 ch\u1ed1ng \u0111\u1ea1n, v.v.<\/p>\n<p>M\u00e0u m\u0169 b\u1ea3o hi\u1ec3m: N\u00e2u nh\u1ea1t<br \/>\nMICH l\u00e0 m\u0169 b\u1ea3o hi\u1ec3m ng\u0103n ch\u1eb7n \u0111\u1ea1n s\u00fang l\u1ee5c v\u00e0 cung c\u1ea5p kh\u1ea3 n\u0103ng b\u1ea3o v\u1ec7 \u0111\u00e1ng tin c\u1eady ch\u1ed1ng l\u1ea1i c\u00e1c m\u1ea3nh v\u1ee1 v\u00e0 m\u1ea3nh v\u1ee5n r\u01a1i xu\u1ed1ng.<br \/>\ns\u1ebd l\u00e0m gi\u1ea3m kh\u1ea3 n\u0103ng b\u1ea3o v\u1ec7.<\/p>\n<hr \/>\n<p><strong>&#8220;D\u00e0nh cho m\u1ecdi ng\u01b0\u1eddi:<\/strong><br \/>\nM\u0169 b\u1ea3o hi\u1ec3m \u0111\u1ea1n \u0111\u1ea1o NIJ lllA Kevlar WENDY x\u1eed l\u00fd c\u00e1c m\u1ed1i \u0111e d\u1ecda t\u1eeb s\u00fang l\u1ee5c v\u00e0 m\u1ea3nh \u0111\u1ea1n b\u1eb1ng c\u00e1c ph\u1ee5 ki\u1ec7n \u0111\u00ednh k\u00e8m ch\u1eafc ch\u1eafn h\u01a1n, nh\u1eb9 h\u01a1n v\u00e0 tho\u1ea3i m\u00e1i h\u01a1n khi \u0111eo. M\u0169 b\u1ea3o hi\u1ec3m n\u00e0y ph\u00f9 h\u1ee3p v\u1edbi m\u1ecdi \u0111\u1ed1i t\u01b0\u1ee3ng ng\u01b0\u1eddi d\u00f9ng. Nh\u00e2n vi\u00ean t\u1eeb c\u00e1c c\u01a1 quan nh\u01b0 qu\u00e2n \u0111\u1ed9i, c\u1ea3nh s\u00e1t, SWAT, an ninh n\u1ed9i b\u1ed9, h\u1ea3i quan v\u00e0 bi\u00ean ph\u00f2ng c\u00f3 th\u1ec3 \u0111\u01b0\u1ee3c trang b\u1ecb kh\u1ea3 n\u0103ng chi\u1ebfn \u0111\u1ea5u n\u00e2ng cao. N\u00f3 c\u0169ng l\u00e0 m\u1ed9t l\u1ef1a ch\u1ecdn t\u1ed1t \u0111\u1ec3 b\u1ea3o v\u1ec7 nh\u00e0 v\u00e0 cosplay.<\/p>\n<hr \/>\n<p>N\u1ebfu b\u1ea1n c\u00f3 b\u1ea5t k\u1ef3 c\u00e2u h\u1ecfi n\u00e0o v\u1ec1 s\u1ea3n ph\u1ea9m c\u1ee7a ch\u00fang t\u00f4i tr\u01b0\u1edbc khi b\u1ea1n s\u1eb5n s\u00e0ng mua s\u1ea3n ph\u1ea9m c\u1ee7a ch\u00fang t\u00f4i,<\/p>\n<p>Vui l\u00f2ng (<a href=\"https:\/\/tyditiao.com\/vi\/lien-he\/\">li\u00ean h\u1ec7 v\u1edbi ch\u00fang t\u00f4i<\/a>) ngay l\u1eadp t\u1ee9c v\u00e0 ch\u00fang t\u00f4i s\u1ebd tr\u1ea3 l\u1eddi trong v\u00f2ng 1 ng\u00e0y l\u00e0m vi\u1ec7c. N\u1ebfu b\u1ea1n mu\u1ed1n \u0111\u1eb7t mua nhi\u1ec1u h\u01a1n 5 m\u0169 b\u1ea3o hi\u1ec3m ch\u1ed1ng \u0111\u1ea1n c\u00f9ng m\u1ed9t l\u00fac, b\u1ea1n s\u1ebd \u0111\u01b0\u1ee3c gi\u1ea3m gi\u00e1 th\u00eam;<\/p>\n","protected":false},"excerpt":{"rendered":"<p>Kh\u1ea3 n\u0103ng ch\u1ed1ng \u0111\u1ea1n t\u1ed1t: NIJ Level lllA, b\u1ea3o v\u1ec7 \u0111\u1ea7u ho\u00e0n h\u1ea3o.<\/p>\n<p>Ch\u1ea5t l\u01b0\u1ee3ng t\u1ed1t: M\u0169 b\u1ea3o hi\u1ec3m chi\u1ebfn thu\u1eadt qu\u00e2n s\u1ef1 Wendy \u0111\u01b0\u1ee3c l\u00e0m b\u1eb1ng s\u1ee3i aramid Dupont Kevlar b\u1ec1n, c\u00f3 kh\u1ea3 n\u0103ng ch\u1ecbu nhi\u1ec7t v\u00e0 kh\u00f4ng d\u1ec5 bi\u1ebfn d\u1ea1ng.<\/p>\n<p>\u0110I\u1ec0U CH\u1ec8NH D\u1ec4 D\u00c0NG: H\u1ec7 th\u1ed1ng bu\u1ed9c m\u0169 b\u1ea3o hi\u1ec3m CAM FIT qu\u00e2n s\u1ef1 nh\u1eb9 v\u1edbi h\u1ec7 th\u1ed1ng \u0111\u00f3ng BOA gi\u00fap \u0111i\u1ec1u ch\u1ec9nh nhanh ch\u00f3ng v\u00e0 d\u1ec5 d\u00e0ng b\u1eb1ng m\u1ed9t tay v\u00e0 v\u1eeba v\u1eb7n ch\u00ednh x\u00e1c.<\/p>\n<p>Tho\u1ea3i m\u00e1i khi \u0111eo: Y\u00ean xe Zorbium Foam Impact c\u00f3 l\u1edbp l\u00f3t ch\u1ed1ng th\u1ea5m n\u01b0\u1edbc v\u00e0 l\u1edbp ph\u1ee7 kh\u00e1ng khu\u1ea9n gi\u00fap h\u00fat \u1ea9m \u0111\u1ec3 gi\u00fap b\u1ea1n lu\u00f4n m\u00e1t m\u1ebb v\u00e0 kh\u00f4 r\u00e1o khi \u0111eo.<\/p>\n<p>M\u1edf r\u1ed9ng: H\u1ec7 th\u1ed1ng Ch\u1ed1t Rail 2.0 t\u01b0\u01a1ng th\u00edch v\u1edbi t\u1ea5t c\u1ea3 c\u00e1c Ch\u1ed1t EXFIL Rail 2.0. Gi\u00e1 treo gimbal hai m\u1eb7t v\u00e0 gimbal \u0111eo tr\u00e1n r\u1ea5t d\u1ec5 c\u00e0i \u0111\u1eb7t v\u00e0 c\u1ea5u h\u00ecnh, tai nghe, \u0111\u00e8n s\u00fang, m\u00e1y \u1ea3nh, \u0111\u00e8n nh\u1ea5p nh\u00e1y, thi\u1ebft b\u1ecb nh\u00ecn ban \u0111\u00eam, m\u00e1y \u1ea3nh GoPro v\u00e0 k\u00ednh NVG.<\/p>\n","protected":false},"featured_media":10776,"comment_status":"closed","ping_status":"closed","template":"","meta":[],"product_brand":[],"product_cat":[791,790],"product_tag":[],"woo-feed-brand":[50],"class_list":{"0":"post-14181","1":"product","2":"type-product","3":"status-publish","4":"has-post-thumbnail","6":"product_cat-mu-chong-dan","7":"product_cat-wendy-vi","8":"woo-feed-brand-tyditiao","10":"first","11":"instock","12":"sale","13":"shipping-taxable","14":"purchasable","15":"product-type-simple"},"_links":{"self":[{"href":"https:\/\/tyditiao.com\/vi\/wp-json\/wp\/v2\/product\/14181","targetHints":{"allow":["GET"]}}],"collection":[{"href":"https:\/\/tyditiao.com\/vi\/wp-json\/wp\/v2\/product"}],"about":[{"href":"https:\/\/tyditiao.com\/vi\/wp-json\/wp\/v2\/types\/product"}],"replies":[{"embeddable":true,"href":"https:\/\/tyditiao.com\/vi\/wp-json\/wp\/v2\/comments?post=14181"}],"wp:featuredmedia":[{"embeddable":true,"href":"https:\/\/tyditiao.com\/vi\/wp-json\/wp\/v2\/media\/10776"}],"wp:attachment":[{"href":"https:\/\/tyditiao.com\/vi\/wp-json\/wp\/v2\/media?parent=14181"}],"wp:term":[{"taxonomy":"product_brand","embeddable":true,"href":"https:\/\/tyditiao.com\/vi\/wp-json\/wp\/v2\/product_brand?post=14181"},{"taxonomy":"product_cat","embeddable":true,"href":"https:\/\/tyditiao.com\/vi\/wp-json\/wp\/v2\/product_cat?post=14181"},{"taxonomy":"product_tag","embeddable":true,"href":"https:\/\/tyditiao.com\/vi\/wp-json\/wp\/v2\/product_tag?post=14181"},{"taxonomy":"woo-feed-brand","embeddable":true,"href":"https:\/\/tyditiao.com\/vi\/wp-json\/wp\/v2\/woo-feed-brand?post=14181"}],"curies":[{"name":"wp","href":"https:\/\/api.w.org\/{rel}","templated":true}]}}