{"id":14257,"date":"2022-06-13T04:05:41","date_gmt":"2022-06-13T02:05:41","guid":{"rendered":"http:\/\/tyditiao.com\/product\/mu-bao-hiem-quan-doi-duc-mu-bao-hiem-linh-cap-iiia-mu-bao-hiem-chien-thuat-dan-dao-nhanh-xanh-luc\/"},"modified":"2026-03-14T23:16:54","modified_gmt":"2026-03-14T21:16:54","slug":"nhanh-chong-dan-mu-chien-thuat-kevlar-nijiiia-xanh","status":"publish","type":"product","link":"https:\/\/tyditiao.com\/vi\/product\/nhanh-chong-dan-mu-chien-thuat-kevlar-nijiiia-xanh\/","title":{"rendered":"M\u0169 b\u1ea3o hi\u1ec3m qu\u00e2n \u0111\u1ed9i \u0110\u1ee9c, M\u0169 b\u1ea3o hi\u1ec3m l\u00ednh c\u1ea5p IIIA, M\u0169 b\u1ea3o hi\u1ec3m chi\u1ebfn thu\u1eadt \u0111\u1ea1n \u0111\u1ea1o nhanh, Xanh l\u1ee5c"},"content":{"rendered":"<p><strong>L\u1edbp ph\u00f2ng th\u1ee7:<\/strong><\/p>\n<p>M\u0169 ch\u1ed1ng \u0111\u1ea1n n\u00e0y l\u00e0 m\u0169 ch\u1ed1ng \u0111\u1ea1n NIJ C\u1ea5p IIIA theo ti\u00eau chu\u1ea9n NIJ 0101.06 v\u00e0 c\u00f3 th\u1ec3 cung c\u1ea5p b\u00e1o c\u00e1o th\u1eed nghi\u1ec7m t\u01b0\u01a1ng \u1ee9ng.<\/p>\n<p>&lt;gi\u1edd&gt;<\/p>\n<p><strong>Th\u00f4ng s\u1ed1 \u0111\u01b0\u1eddng \u0111\u1ea1n ph\u00f2ng th\u1ee7:<\/strong><\/p>\n<p>.44 Mag SJHP<br \/>\n.357 SIG FMJ FN<br \/>\nFMJ 9mm<br \/>\n.357 Mag JSP<br \/>\n.40 S&amp;W FMJ<\/p>\n<p>C\u0169ng cung c\u1ea5p kh\u1ea3 n\u0103ng b\u1ea3o v\u1ec7 ch\u1ed1ng l\u1ea1i h\u1ea7u h\u1ebft c\u00e1c m\u1ed1i \u0111e d\u1ecda t\u1eeb s\u00fang ng\u1eafn c\u0169ng nh\u01b0 c\u00e1c m\u1ed1i \u0111e d\u1ecda Lo\u1ea1i IIA v\u00e0 II<\/p>\n<p>&lt;gi\u1edd&gt;<\/p>\n<p><strong>Th\u00f4ng s\u1ed1 m\u0169 b\u1ea3o hi\u1ec3m ch\u1ed1ng \u0111\u1ea1n:<\/strong><\/p>\n<p>T\u00ean: M\u0169 b\u1ea3o hi\u1ec3m ch\u1ed1ng \u0111\u1ea1n NIJ lllA FAST<\/p>\n<p>V\u1eadt ch\u1ea5t: S\u1ee3i Kevlar-DuPont Aramid c\u00f3 \u0111\u1ed9 b\u1ec1n k\u00e9o cao<br \/>\nChu vi v\u00f2ng \u0111\u1ea7u: 52-64 cm<br \/>\nPh\u1ee5 ki\u1ec7n t\u00f9y ch\u1ecdn: m\u1eb7t n\u1ea1 ch\u1ed1ng \u0111\u1ea1n, v.v.<br \/>\nM\u00e0u m\u0169 b\u1ea3o hi\u1ec3m: Xanh l\u1ee5c<br \/>\nMICH l\u00e0 m\u0169 b\u1ea3o hi\u1ec3m ng\u0103n ch\u1eb7n \u0111\u1ea1n s\u00fang l\u1ee5c v\u00e0 cung c\u1ea5p kh\u1ea3 n\u0103ng b\u1ea3o v\u1ec7 \u0111\u00e1ng tin c\u1eady ch\u1ed1ng l\u1ea1i c\u00e1c m\u1ea3nh v\u1ee1 v\u00e0 m\u1ea3nh v\u1ee5n r\u01a1i xu\u1ed1ng.<br \/>\ns\u1ebd l\u00e0m gi\u1ea3m kh\u1ea3 n\u0103ng b\u1ea3o v\u1ec7.<\/p>\n<p>&lt;gi\u1edd&gt;<\/p>\n<p><strong>&#8220;D\u00e0nh cho m\u1ecdi ng\u01b0\u1eddi:<\/strong><\/p>\n<p>M\u0169 b\u1ea3o hi\u1ec3m \u0111\u1ea1n \u0111\u1ea1o NIJ lllA Kevlar FAST \u0111\u01b0\u1ee3c thi\u1ebft k\u1ebf \u0111\u1ec3 \u0111\u1ed1i ph\u00f3 v\u1edbi m\u1ed1i \u0111e d\u1ecda t\u1eeb s\u00fang v\u00e0 m\u1ea3nh \u0111\u1ea1n, v\u1edbi c\u00e1c ph\u1ee5 ki\u1ec7n ch\u1eafc ch\u1eafn h\u01a1n \u0111\u1ec3 v\u1eeba v\u1eb7n nh\u1eb9 h\u01a1n v\u00e0 tho\u1ea3i m\u00e1i h\u01a1n. M\u0169 b\u1ea3o hi\u1ec3m n\u00e0y ph\u00f9 h\u1ee3p v\u1edbi m\u1ecdi \u0111\u1ed1i t\u01b0\u1ee3ng ng\u01b0\u1eddi d\u00f9ng. Nh\u00e2n vi\u00ean t\u1eeb c\u00e1c c\u01a1 quan nh\u01b0 qu\u00e2n \u0111\u1ed9i, c\u1ea3nh s\u00e1t, SWAT, an ninh n\u1ed9i b\u1ed9, h\u1ea3i quan v\u00e0 bi\u00ean ph\u00f2ng c\u00f3 th\u1ec3 \u0111\u01b0\u1ee3c trang b\u1ecb kh\u1ea3 n\u0103ng chi\u1ebfn \u0111\u1ea5u n\u00e2ng cao. N\u00f3 c\u0169ng l\u00e0 m\u1ed9t l\u1ef1a ch\u1ecdn t\u1ed1t \u0111\u1ec3 b\u1ea3o v\u1ec7 nh\u00e0 v\u00e0 cosplay.<\/p>\n<p>&lt;gi\u1edd&gt;<\/p>\n<p><strong>C\u00e1c t\u00ednh n\u0103ng c\u1ee7a M\u0169 b\u1ea3o hi\u1ec3m \u0111\u1ea1n \u0111\u1ea1o chi\u1ebfn thu\u1eadt qu\u00e2n s\u1ef1 FAST:<\/strong><\/p>\n<p>So v\u1edbi m\u0169 b\u1ea3o hi\u1ec3m qu\u00e2n \u0111\u1ed9i th\u00f4ng th\u01b0\u1eddng, m\u0169 b\u1ea3o hi\u1ec3m FAST nh\u1eb9 h\u01a1n 25%. Nh\u1edd h\u1ec7 th\u1ed1ng treo c\u1ee7a m\u0169 b\u1ea3o hi\u1ec3m, ng\u01b0\u1eddi d\u00f9ng c\u00f3 th\u1ec3 d\u1ec5 d\u00e0ng \u0111i\u1ec1u ch\u1ec9nh \u0111\u1ed9 v\u1eeba ho\u1eb7c kh\u00edt c\u1ee7a m\u0169 \u0111\u1ec3 c\u00f3 \u0111\u01b0\u1ee3c s\u1ef1 tho\u1ea3i m\u00e1i t\u1ed1i \u01b0u. M\u0169 b\u1ea3o hi\u1ec3m FAST \u0111\u01b0\u1ee3c trang b\u1ecb thanh ray ARC \u1edf b\u00ean tr\u00e1i v\u00e0 b\u00ean ph\u1ea3i \u0111\u1ec3 g\u1eafn c\u00e1c ph\u1ee5 ki\u1ec7n nh\u01b0 \u0111\u00e8n pin, tai nghe ch\u1ed1ng \u1ed3n v\u00e0 thi\u1ebft b\u1ecb li\u00ean l\u1ea1c, c\u0169ng nh\u01b0 thi\u1ebft b\u1ecb nh\u00ecn ban \u0111\u00eam ho\u1eb7c quay video. B\u1ed9 chuy\u1ec3n \u0111\u1ed5i c\u00f3 th\u1ec3 \u0111\u01b0\u1ee3c g\u1eafn \u1edf gi\u1eefa m\u0169 b\u1ea3o hi\u1ec3m th\u00f4ng qua b\u1ed9 chuy\u1ec3n \u0111\u1ed5i \u0110\u00e2y l\u00e0 m\u1ed9t cu\u1ed9c chi\u1ebfn \u0111\u1eb7c bi\u1ec7t c\u00f3 th\u1ec3 mang l\u1ea1i l\u1ee3i th\u1ebf chi\u1ebfn thu\u1eadt l\u1edbn h\u01a1n. Ngo\u00e0i ra, do thi\u1ebft k\u1ebf ki\u1ec3u m\u00f4-\u0111un, phi\u00ean b\u1ea3n d\u00e2n s\u1ef1 c\u1ee7a m\u0169 b\u1ea3o hi\u1ec3m FAST kh\u00f4ng ch\u1ed1ng \u0111\u1ea1n kh\u00f4ng ch\u1ec9 \u0111\u01b0\u1ee3c s\u1eed d\u1ee5ng b\u1edfi qu\u00e2n \u0111\u1ed9i v\u00e0 c\u1ea3nh s\u00e1t m\u00e0 c\u00f2n \u0111\u01b0\u1ee3c c\u00e1c v\u1eadn \u0111\u1ed9ng vi\u00ean th\u1ec3 thao ngo\u00e0i tr\u1eddi v\u00e0 nh\u00e2n vi\u00ean th\u1ef1c \u0111\u1ecba nh\u01b0 nh\u00e0 b\u00e1o v\u00e0 nh\u00e2n vi\u00ean c\u1ee9u h\u1ed9 h\u00e1o h\u1ee9c \u0111\u00f3n nh\u1eadn. Ngo\u00e0i ra, do thi\u1ebft k\u1ebf ki\u1ec3u m\u00f4-\u0111un, phi\u00ean b\u1ea3n d\u00e2n s\u1ef1 c\u1ee7a m\u0169 b\u1ea3o hi\u1ec3m FAST kh\u00f4ng ch\u1ed1ng \u0111\u1ea1n kh\u00f4ng ch\u1ec9 \u0111\u01b0\u1ee3c s\u1eed d\u1ee5ng b\u1edfi qu\u00e2n \u0111\u1ed9i v\u00e0 c\u1ea3nh s\u00e1t m\u00e0 c\u00f2n \u0111\u01b0\u1ee3c c\u00e1c v\u1eadn \u0111\u1ed9ng vi\u00ean th\u1ec3 thao ngo\u00e0i tr\u1eddi v\u00e0 nh\u00e2n vi\u00ean th\u1ef1c \u0111\u1ecba nh\u01b0 nh\u00e0 b\u00e1o v\u00e0 nh\u00e2n vi\u00ean c\u1ee9u h\u1ed9 h\u00e1o h\u1ee9c \u0111\u00f3n nh\u1eadn.<\/p>\n<p>&lt;gi\u1edd&gt;<\/p>\n<p><strong>M\u0169 b\u1ea3o hi\u1ec3m \u0111\u1ea1n \u0111\u1ea1o chi\u1ebfn thu\u1eadt qu\u00e2n s\u1ef1 FAST c\u00f3 b\u1ea3o v\u1ec7 t\u1ed1t kh\u00f4ng v\u00e0 t\u1ea1i sao ch\u00fang ph\u1ed5 bi\u1ebfn?<\/strong><\/p>\n<p>C\u00f3 hai l\u00fd do: Th\u1ee9 nh\u1ea5t, s\u1ef1 ti\u1ebfn b\u1ed9 c\u1ee7a c\u00f4ng ngh\u1ec7 \u0111\u00e3 khi\u1ebfn cho m\u1ed7i ng\u01b0\u1eddi l\u00ednh ng\u00e0y c\u00e0ng c\u00f3 nhi\u1ec1u thi\u1ebft b\u1ecb k\u1ef9 thu\u1eadt h\u01a1n, \u0111\u00f2i h\u1ecfi ph\u1ea3i c\u00f3 b\u1ec7 \u0111\u1ec3 t\u1ea3i c\u00e1c ph\u1ee5 ki\u1ec7n k\u1ef9 thu\u1eadt v\u00e0 ph\u1ea3i hy sinh kh\u1ea3 n\u0103ng b\u1ea3o v\u1ec7 \u0111\u1ec3 l\u1ef1a ch\u1ecdn;<br \/>\nTh\u1ee9 hai, ng\u01b0\u1eddi d\u00f9ng FAST ch\u1ee7 y\u1ebfu l\u00e0 l\u1ef1c l\u01b0\u1ee3ng \u0111\u1eb7c bi\u1ec7t v\u00e0 l\u1ef1c l\u01b0\u1ee3ng \u0111\u1eb7c bi\u1ec7t ch\u1ec9 \u0111\u01a1n gi\u1ea3n l\u00e0 t\u1eeb b\u1ecf m\u1ed9t s\u1ed1 bi\u1ec7n ph\u00e1p b\u1ea3o v\u1ec7 \u1edf kho\u1ea3ng c\u00e1ch chi\u1ebfn \u0111\u1ea5u, t\u00ednh di \u0111\u1ed9ng v\u00e0 thi\u1ebft b\u1ecb k\u1ef9 thu\u1eadt tr\u00ean n\u1ec1n t\u1ea3ng tr\u1edf th\u00e0nh t\u1ef7 l\u1ec7 s\u1ed1ng s\u00f3t, ngay c\u1ea3 trong c\u00e1c \u1ee9ng d\u1ee5ng th\u1ef1c t\u1ebf, th\u01b0\u1eddng ch\u1ec9 d\u00e0nh cho m\u0169 b\u1ea3o hi\u1ec3m nhanh, h\u1ecd kh\u00f4ng nhi\u1ec1u ph\u1ea7n t\u1eed \u0111\u01a1n v\u1ecb tr\u00ean \u0111\u00f3, ch\u1ec9 d\u00e0nh cho t\u00ednh di \u0111\u1ed9ng.<\/p>\n<p>NHANH CH\u00d3NG kh\u00f4ng d\u1ef1a v\u00e0o s\u1ef1 b\u1ea3o v\u1ec7 nghi\u00eam ng\u1eb7t Kh\u00f4ng c\u00f3 c\u1ed1c tai \u1edf c\u1ea3 hai b\u00ean l\u00e0 \u0111\u1ee7 Ch\u1ee7 y\u1ebfu \u0111\u1ec3 t\u1ea1o s\u1ef1 tho\u1ea3i m\u00e1i cho nh\u00e2n vi\u00ean khi \u0111eo tai nghe v\u00e0 c\u00e1c ph\u1ee5 ki\u1ec7n b\u1ed5 sung M\u0169 b\u1ea3o hi\u1ec3m chi\u1ebfn thu\u1eadt nh\u1eb9 lo\u1ea1i b\u1ecf m\u1ed9t ph\u1ea7n kh\u1ea3 n\u0103ng b\u1ea3o v\u1ec7 mang l\u1ea1i l\u1ee3i \u00edch l\u1edbn h\u01a1n trong chi\u1ebfn \u0111\u1ea5u.<\/p>\n<p>M\u0169 b\u1ea3o hi\u1ec3m FAST \u0111\u01b0\u1ee3c s\u1eed d\u1ee5ng r\u1ed9ng r\u00e3i \u1edf nhi\u1ec1u qu\u1ed1c gia v\u00e0 nhi\u1ec1u qu\u1ed1c gia c\u00f3 thi\u1ebft k\u1ebf m\u0169 b\u1ea3o hi\u1ec3m r\u1ea5t gi\u1ed1ng v\u1edbi m\u0169 b\u1ea3o hi\u1ec3m FAST c\u1ee7a Hoa K\u1ef3, ch\u1eb3ng h\u1ea1n nh\u01b0 m\u0169 b\u1ea3o hi\u1ec3m c\u1ee7a Nga, Ph\u00e1p v\u00e0 Anh \u0111\u01b0\u1ee3c thi\u1ebft k\u1ebf theo m\u0169 b\u1ea3o hi\u1ec3m FAST, m\u1eb7c d\u00f9 ch\u00fang s\u1ebd ph\u00e1t tri\u1ec3n theo th\u1eddi gian. Nh\u1eefng chi\u1ebfc m\u0169 b\u1ea3o hi\u1ec3m n\u00e0y c\u0169ng \u0111\u01b0\u1ee3c thay \u0111\u1ed5i li\u00ean t\u1ee5c, nh\u01b0ng tr\u00f4ng v\u1eabn r\u1ea5t gi\u1ed1ng v\u1edbi m\u0169 b\u1ea3o hi\u1ec3m FAST, v\u00ec nh\u1eefng l\u00fd do r\u00f5 r\u00e0ng, gi\u00fap b\u1ea3o v\u1ec7 \u0111\u1ea7u hi\u1ec7u qu\u1ea3 v\u00e0 t\u1ed1i \u0111a h\u00f3a tu\u1ed5i th\u1ecd c\u1ee7a ng\u01b0\u1eddi l\u00ednh.<\/p>\n<p>&lt;gi\u1edd&gt;<\/p>\n<p><strong>Gi\u00e1 m\u0169 b\u1ea3o hi\u1ec3m \u0111\u1ea1n \u0111\u1ea1o chi\u1ebfn thu\u1eadt qu\u00e2n s\u1ef1 NHANH CH\u00d3NG?<\/strong><\/p>\n<p>\u0110\u00e2y l\u00e0 c\u1eeda h\u00e0ng m\u0169 b\u1ea3o hi\u1ec3m an to\u00e0n chi\u1ebfn thu\u1eadt c\u1ee7a ch\u00fang t\u00f4i, vui l\u00f2ng mua tr\u1ef1c ti\u1ebfp t\u1eeb trang web c\u1ee7a ch\u00fang t\u00f4i, b\u1ea1n c\u00f3 th\u1ec3 \u0111\u01b0\u1ee3c gi\u1ea3m 15% so v\u1edbi gi\u00e1 g\u1ed1c<\/p>\n<p>N\u1ebfu b\u1ea1n mu\u1ed1n mua s\u1ea3n ph\u1ea9m c\u1ee7a ch\u00fang t\u00f4i ho\u1eb7c c\u00f3 b\u1ea5t k\u1ef3 c\u00e2u h\u1ecfi n\u00e0o v\u1ec1 s\u1ea3n ph\u1ea9m c\u1ee7a ch\u00fang t\u00f4i, vui l\u00f2ng (<a href=\"https:\/\/tyditiao.com\/vi\/lien-he\/\">li\u00ean h\u1ec7 v\u1edbi ch\u00fang t\u00f4i<\/a>) ngay l\u1eadp t\u1ee9c, ch\u00fang t\u00f4i s\u1ebd tr\u1ea3 l\u1eddi b\u1ea1n trong v\u00f2ng 1 ng\u00e0y l\u00e0m vi\u1ec7c. N\u1ebfu b\u1ea1n mu\u1ed1n \u0111\u1eb7t mua nhi\u1ec1u h\u01a1n 5 m\u0169 b\u1ea3o hi\u1ec3m ch\u1ed1ng \u0111\u1ea1n c\u00f9ng m\u1ed9t l\u00fac, b\u1ea1n s\u1ebd \u0111\u01b0\u1ee3c gi\u1ea3m gi\u00e1 th\u00eam;<\/p>\n","protected":false},"excerpt":{"rendered":"<p>\u0110\u01b0\u1ee3c l\u00e0m b\u1eb1ng s\u1ee3i DuPont Kevlar Aramid c\u00f3 \u0111\u1ed9 b\u1ec1n cao, ch\u1ecbu nhi\u1ec7t v\u00e0 kh\u00f4ng d\u1ec5 bi\u1ebfn d\u1ea1ng<\/p>\n<p>NIJ C\u1ea5p \u0111\u1ed9 IIIA<\/p>\n<p>H\u1ec7 th\u1ed1ng \u0111i\u1ec1u ch\u1ec9nh chu vi \u0111\u1ea7u, c\u00f3 th\u1ec3 l\u00e0m cho m\u0169 b\u1ea3o hi\u1ec3m \u0111\u1ea1t \u0111\u01b0\u1ee3c hi\u1ec7u qu\u1ea3 \u0111\u1ed9i l\u00fd t\u01b0\u1edfng<\/p>\n<p>H\u1ec7 th\u1ed1ng \u0111i\u1ec1u ch\u1ec9nh chu vi \u0111\u1ea7u cho ph\u00e9p b\u1ea1n \u0111i\u1ec1u ch\u1ec9nh chu vi \u0111\u1ea7u ch\u1ec9 b\u1eb1ng m\u1ed9t n\u00fat b\u1ea5m \u0111\u1ec3 \u0111\u1ea1t \u0111\u01b0\u1ee3c \u0111\u1ed9 v\u1eeba v\u1eb7n l\u00fd t\u01b0\u1edfng c\u1ee7a m\u0169 b\u1ea3o hi\u1ec3m<\/p>\n<p>Tr\u00e1n \u0111\u01b0\u1ee3c gia c\u1ed1 b\u1eb1ng d\u00e2y \u0111ai \u0111\u00e0n h\u1ed3i \u1edf hai b\u00ean c\u1ee7a b\u1ea1ch tu\u1ed9c (d\u01b0\u1edbi c\u00f9ng c\u1ee7a gi\u00e1 \u0111\u1ee1 t\u1ea7m nh\u00ecn ban \u0111\u00eam) \u0111\u1ec3 g\u1eafn g\u01b0\u01a1ng, m\u00e1y \u1ea3nh, k\u00ednh nh\u00ecn ban \u0111\u00eam v\u00e0 c\u00e1c thi\u1ebft b\u1ecb kh\u00e1c<\/p>\n<p>\u0110\u01b0\u1ee3c trang b\u1ecb thanh ray, g\u1eafn ph\u1ee5 ki\u1ec7n m\u1ea1nh m\u1ebd h\u01a1n, c\u00f3 th\u1ec3 \u0111\u01b0\u1ee3c trang b\u1ecb h\u1ec7 th\u1ed1ng \u0111\u00e8n m\u1ea1nh v\u00e0 \u0111\u00e8n nh\u1eadn d\u1ea1ng \u0111\u00e8n hi\u1ec7u, c\u0169ng c\u00f3 th\u1ec3 \u0111\u01b0\u1ee3c trang b\u1ecb thi\u1ebft b\u1ecb b\u1ea3o v\u1ec7 th\u00ednh gi\u00e1c<\/p>\n","protected":false},"featured_media":10320,"comment_status":"open","ping_status":"closed","template":"","meta":[],"product_brand":[],"product_cat":[791,828],"product_tag":[],"woo-feed-brand":[50],"class_list":{"0":"post-14257","1":"product","2":"type-product","3":"status-publish","4":"has-post-thumbnail","6":"product_cat-mu-chong-dan","7":"product_cat-nhanh","8":"woo-feed-brand-tyditiao","10":"first","11":"instock","12":"sale","13":"shipping-taxable","14":"purchasable","15":"product-type-simple"},"_links":{"self":[{"href":"https:\/\/tyditiao.com\/vi\/wp-json\/wp\/v2\/product\/14257","targetHints":{"allow":["GET"]}}],"collection":[{"href":"https:\/\/tyditiao.com\/vi\/wp-json\/wp\/v2\/product"}],"about":[{"href":"https:\/\/tyditiao.com\/vi\/wp-json\/wp\/v2\/types\/product"}],"replies":[{"embeddable":true,"href":"https:\/\/tyditiao.com\/vi\/wp-json\/wp\/v2\/comments?post=14257"}],"wp:featuredmedia":[{"embeddable":true,"href":"https:\/\/tyditiao.com\/vi\/wp-json\/wp\/v2\/media\/10320"}],"wp:attachment":[{"href":"https:\/\/tyditiao.com\/vi\/wp-json\/wp\/v2\/media?parent=14257"}],"wp:term":[{"taxonomy":"product_brand","embeddable":true,"href":"https:\/\/tyditiao.com\/vi\/wp-json\/wp\/v2\/product_brand?post=14257"},{"taxonomy":"product_cat","embeddable":true,"href":"https:\/\/tyditiao.com\/vi\/wp-json\/wp\/v2\/product_cat?post=14257"},{"taxonomy":"product_tag","embeddable":true,"href":"https:\/\/tyditiao.com\/vi\/wp-json\/wp\/v2\/product_tag?post=14257"},{"taxonomy":"woo-feed-brand","embeddable":true,"href":"https:\/\/tyditiao.com\/vi\/wp-json\/wp\/v2\/woo-feed-brand?post=14257"}],"curies":[{"name":"wp","href":"https:\/\/api.w.org\/{rel}","templated":true}]}}