{"id":14299,"date":"2022-06-13T03:53:55","date_gmt":"2022-06-13T01:53:55","guid":{"rendered":"http:\/\/tyditiao.com\/product\/ao-giap-chong-dan-mu-chien-thuat-cap-iiia-mu-linh-dac-cong-mich2000-nau-nhat\/"},"modified":"2026-01-26T09:07:23","modified_gmt":"2026-01-26T07:07:23","slug":"mich2000-chong-dan-mu-kevlar-cap-3-nau-nhat","status":"publish","type":"product","link":"https:\/\/tyditiao.com\/vi\/product\/mich2000-chong-dan-mu-kevlar-cap-3-nau-nhat\/","title":{"rendered":"\u00c1o gi\u00e1p ch\u1ed1ng \u0111\u1ea1n, m\u0169 chi\u1ebfn thu\u1eadt c\u1ea5p IIIA, m\u0169 l\u00ednh \u0111\u1eb7c c\u00f4ng mich2000, n\u00e2u nh\u1ea1t"},"content":{"rendered":"<p>MICH l\u00e0 m\u0169 b\u1ea3o hi\u1ec3m ng\u0103n ch\u1eb7n \u0111\u1ea1n s\u00fang l\u1ee5c v\u00e0 cung c\u1ea5p kh\u1ea3 n\u0103ng b\u1ea3o v\u1ec7 \u0111\u00e1ng tin c\u1eady ch\u1ed1ng l\u1ea1i c\u00e1c m\u1ea3nh v\u1ee1 v\u00e0 m\u1ea3nh v\u1ee5n r\u01a1i xu\u1ed1ng. M\u0169 b\u1ea3o hi\u1ec3m th\u1ea5p mang l\u1ea1i \u0111\u1ed9 che ph\u1ee7 t\u1ed1t h\u01a1n \u1edf c\u1ea3 hai b\u00ean \u0111\u1ea7u so v\u1edbi m\u0169 b\u1ea3o hi\u1ec3m tr\u00f9m \u0111\u1ea7u. Nh\u1eefng chi\u1ebfc m\u0169 b\u1ea3o hi\u1ec3m n\u00e0y c\u0169ng \u0111i k\u00e8m v\u1edbi ch\u1ee5p tai \u0111\u1ec3 ch\u1ee9a tai nghe v\u00e0 c\u00e1c thi\u1ebft b\u1ecb li\u00ean l\u1ea1c kh\u00e1c.<\/p>\n<hr \/>\n<p><strong>L\u1edbp ph\u00f2ng th\u1ee7:<\/strong><\/p>\n<p>M\u0169 ch\u1ed1ng \u0111\u1ea1n n\u00e0y l\u00e0 m\u0169 ch\u1ed1ng \u0111\u1ea1n NIJ C\u1ea5p IIIA theo ti\u00eau chu\u1ea9n NIJ 0101.06 v\u00e0 c\u00f3 th\u1ec3 cung c\u1ea5p b\u00e1o c\u00e1o th\u1eed nghi\u1ec7m t\u01b0\u01a1ng \u1ee9ng.<\/p>\n<p>S\u1ea3n ph\u1ea9m n\u00e0y c\u0169ng \u0111\u1ee7 \u0111i\u1ec1u ki\u1ec7n l\u00e0 M\u0169 b\u1ea3o hi\u1ec3m chi\u1ebfn \u0111\u1ea5u n\u00e2ng cao (ECH) khi \u0111\u01b0\u1ee3c s\u1eed d\u1ee5ng v\u1edbi t\u1ea5m \u00e1o gi\u00e1p tr\u00ean c\u00f9ng \u0111\u1ec3 b\u1ea3o v\u1ec7 s\u00fang tr\u01b0\u1eddng th\u1ef1c s\u1ef1<\/p>\n<hr \/>\n<p><strong>Th\u00f4ng s\u1ed1 \u0111\u01b0\u1eddng \u0111\u1ea1n ph\u00f2ng th\u1ee7:<\/strong><\/p>\n<p>.44 Mag SJHP<br \/>\n.357 SIG FMJ FN<br \/>\nFMJ 9mm<br \/>\n.357 Mag JSP<br \/>\n.40 S&amp;W FMJ<\/p>\n<p>C\u0169ng cung c\u1ea5p kh\u1ea3 n\u0103ng b\u1ea3o v\u1ec7 ch\u1ed1ng l\u1ea1i h\u1ea7u h\u1ebft c\u00e1c m\u1ed1i \u0111e d\u1ecda t\u1eeb s\u00fang ng\u1eafn c\u0169ng nh\u01b0 c\u00e1c m\u1ed1i \u0111e d\u1ecda Lo\u1ea1i IIA v\u00e0 II<\/p>\n<hr \/>\n<p><strong>Th\u00f4ng s\u1ed1 m\u0169 b\u1ea3o hi\u1ec3m ch\u1ed1ng \u0111\u1ea1n:<\/strong><br \/>\nT\u00ean: M\u0169 b\u1ea3o hi\u1ec3m ch\u1ed1ng \u0111\u1ea1n NIJ lllA MICH2000<\/p>\n<p>V\u1eadt ch\u1ea5t: S\u1ee3i Kevlar-DuPont Aramid c\u00f3 \u0111\u1ed9 b\u1ec1n k\u00e9o cao<br \/>\nChu vi v\u00f2ng \u0111\u1ea7u: 52-60 cm (\u0111i\u1ec1u ch\u1ec9nh t\u1ef1a l\u01b0ng hai giai \u0111o\u1ea1n v\u00e0 d\u00e2y \u0111eo c\u1eb1m c\u00f3 th\u1ec3 \u0111i\u1ec1u ch\u1ec9nh)<br \/>\nL\u1edbp l\u00f3t: L\u1edbp l\u00f3t x\u1ed1p \u0111\u00e0n h\u1ed3i ch\u1eadm c\u00f3 th\u1ec3 \u0111\u1ecbnh v\u1ecb l\u1ea1i gi\u00fap \u0111\u1ed9i m\u0169 b\u1ea3o hi\u1ec3m lu\u00f4n tho\u1ea3i m\u00e1i, \u0111\u1ed3ng th\u1eddi ng\u0103n ng\u1eeba m\u1ecfi v\u00e0 qu\u00e1 n\u00f3ng.<br \/>\nPh\u1ee5 ki\u1ec7n t\u00f9y ch\u1ecdn: m\u1eb7t n\u1ea1 ch\u1ed1ng \u0111\u1ea1n, v.v.<br \/>\nM\u00e0u m\u0169 b\u1ea3o hi\u1ec3m: N\u00e2u nh\u1ea1t<br \/>\nMICH l\u00e0 m\u0169 b\u1ea3o hi\u1ec3m ng\u0103n ch\u1eb7n \u0111\u1ea1n s\u00fang l\u1ee5c v\u00e0 cung c\u1ea5p kh\u1ea3 n\u0103ng b\u1ea3o v\u1ec7 \u0111\u00e1ng tin c\u1eady ch\u1ed1ng l\u1ea1i c\u00e1c m\u1ea3nh v\u1ee1 v\u00e0 m\u1ea3nh v\u1ee5n r\u01a1i xu\u1ed1ng.<br \/>\ns\u1ebd l\u00e0m gi\u1ea3m kh\u1ea3 n\u0103ng b\u1ea3o v\u1ec7.<\/p>\n<hr \/>\n<p><strong>&#8220;D\u00e0nh cho m\u1ecdi ng\u01b0\u1eddi:<\/strong><br \/>\nM\u0169 b\u1ea3o hi\u1ec3m \u0111\u1ea1n \u0111\u1ea1o NIJ lllA Kevlar MICH2000 x\u1eed l\u00fd c\u00e1c m\u1ed1i \u0111e d\u1ecda t\u1eeb s\u00fang l\u1ee5c v\u00e0 m\u1ea3nh \u0111\u1ea1n v\u1edbi kh\u1ea3 n\u0103ng \u0111\u00ednh k\u00e8m l\u1edbn h\u01a1n \u0111\u1ec3 v\u1eeba v\u1eb7n nh\u1eb9 h\u01a1n, tho\u1ea3i m\u00e1i h\u01a1n. M\u0169 b\u1ea3o hi\u1ec3m n\u00e0y ph\u00f9 h\u1ee3p v\u1edbi m\u1ecdi \u0111\u1ed1i t\u01b0\u1ee3ng ng\u01b0\u1eddi d\u00f9ng. Nh\u00e2n vi\u00ean t\u1eeb c\u00e1c c\u01a1 quan nh\u01b0 qu\u00e2n \u0111\u1ed9i, c\u1ea3nh s\u00e1t, SWAT, an ninh n\u1ed9i b\u1ed9, h\u1ea3i quan v\u00e0 bi\u00ean ph\u00f2ng c\u00f3 th\u1ec3 \u0111\u01b0\u1ee3c trang b\u1ecb kh\u1ea3 n\u0103ng chi\u1ebfn \u0111\u1ea5u n\u00e2ng cao. N\u00f3 c\u0169ng l\u00e0 m\u1ed9t l\u1ef1a ch\u1ecdn t\u1ed1t \u0111\u1ec3 b\u1ea3o v\u1ec7 nh\u00e0 v\u00e0 cosplay.<\/p>\n<hr \/>\n<p>N\u1ebfu b\u1ea1n mu\u1ed1n mua s\u1ea3n ph\u1ea9m c\u1ee7a ch\u00fang t\u00f4i ho\u1eb7c c\u00f3 b\u1ea5t k\u1ef3 c\u00e2u h\u1ecfi n\u00e0o v\u1ec1 s\u1ea3n ph\u1ea9m c\u1ee7a ch\u00fang t\u00f4i;<br \/>\nN\u1ebfu b\u1ea1n c\u00f3 b\u1ea5t k\u1ef3 nhu c\u1ea7u t\u00f9y ch\u1ec9nh n\u00e0o;<br \/>\nVui l\u00f2ng (<a href=\"https:\/\/tyditiao.com\/vi\/lien-he\/\">li\u00ean h\u1ec7 v\u1edbi ch\u00fang t\u00f4i<\/a>) ngay l\u1eadp t\u1ee9c, ch\u00fang t\u00f4i s\u1ebd tr\u1ea3 l\u1eddi b\u1ea1n trong v\u00f2ng 1 ng\u00e0y l\u00e0m vi\u1ec7c<\/p>\n","protected":false},"excerpt":{"rendered":"<p>Di\u1ec7n t\u00edch b\u1ea3o v\u1ec7 l\u1edbn: Di\u1ec7n t\u00edch b\u1ea3o v\u1ec7 l\u1edbn h\u01a1n so v\u1edbi m\u0169 b\u1ea3o hi\u1ec3m ch\u1ed1ng \u0111\u1ea1n truy\u1ec1n th\u1ed1ng, gi\u00fap b\u1ea3o v\u1ec7 t\u1ed1t cho ph\u1ea7n tai<\/p>\n<p>Ch\u1ea5t l\u01b0\u1ee3ng t\u1ed1t: \u0110\u01b0\u1ee3c l\u00e0m b\u1eb1ng s\u1ee3i DuPont Kevlar Aramid ch\u1ea5t l\u01b0\u1ee3ng cao, ch\u1ecbu nhi\u1ec7t v\u00e0 kh\u00f4ng d\u1ec5 b\u1ecb bi\u1ebfn d\u1ea1ng<\/p>\n<p>Hi\u1ec7u su\u1ea5t \u0111\u1ea1n \u0111\u1ea1o t\u1ed1t: NIJ c\u1ea5p IIIA<\/p>\n<p>H\u1ec7 th\u1ed1ng s\u1ea5y m\u1ef1c v\u00e0 b\u1ed9 thanh ray tr\u00e1i ph\u1ea3i cho ph\u00e9p b\u1ea1n l\u1eafp set tai nghe, \u0111\u00e8n s\u00fang, camera, flash list, nh\u00ecn \u0111\u00eam, camera GoPro, k\u00ednh NVG<\/p>\n<p>Hi\u1ec7u su\u1ea5t n\u00e2ng c\u1ea5p t\u1ed1t: m\u1eb7t n\u1ea1 d\u01b0\u1ee1ng kh\u00ed c\u00f3 th\u1ec3 n\u00e2ng c\u1ea5p, m\u0169 b\u1ea3o hi\u1ec3m, t\u1ea5m ch\u1eafn b\u00ean, t\u1ea5m ch\u1eafn b\u00ean b\u1ecdc th\u00e9p, t\u1ea5m ch\u1eafn b\u1ea3o v\u1ec7, v\u1ecf m\u0169 b\u1ea3o hi\u1ec3m<\/p>\n","protected":false},"featured_media":10206,"comment_status":"open","ping_status":"closed","template":"","meta":[],"product_brand":[],"product_cat":[809,791],"product_tag":[],"woo-feed-brand":[50],"class_list":{"0":"post-14299","1":"product","2":"type-product","3":"status-publish","4":"has-post-thumbnail","6":"product_cat-mich2000-vi","7":"product_cat-mu-chong-dan","8":"woo-feed-brand-tyditiao","10":"first","11":"instock","12":"sale","13":"shipping-taxable","14":"purchasable","15":"product-type-simple"},"_links":{"self":[{"href":"https:\/\/tyditiao.com\/vi\/wp-json\/wp\/v2\/product\/14299","targetHints":{"allow":["GET"]}}],"collection":[{"href":"https:\/\/tyditiao.com\/vi\/wp-json\/wp\/v2\/product"}],"about":[{"href":"https:\/\/tyditiao.com\/vi\/wp-json\/wp\/v2\/types\/product"}],"replies":[{"embeddable":true,"href":"https:\/\/tyditiao.com\/vi\/wp-json\/wp\/v2\/comments?post=14299"}],"wp:featuredmedia":[{"embeddable":true,"href":"https:\/\/tyditiao.com\/vi\/wp-json\/wp\/v2\/media\/10206"}],"wp:attachment":[{"href":"https:\/\/tyditiao.com\/vi\/wp-json\/wp\/v2\/media?parent=14299"}],"wp:term":[{"taxonomy":"product_brand","embeddable":true,"href":"https:\/\/tyditiao.com\/vi\/wp-json\/wp\/v2\/product_brand?post=14299"},{"taxonomy":"product_cat","embeddable":true,"href":"https:\/\/tyditiao.com\/vi\/wp-json\/wp\/v2\/product_cat?post=14299"},{"taxonomy":"product_tag","embeddable":true,"href":"https:\/\/tyditiao.com\/vi\/wp-json\/wp\/v2\/product_tag?post=14299"},{"taxonomy":"woo-feed-brand","embeddable":true,"href":"https:\/\/tyditiao.com\/vi\/wp-json\/wp\/v2\/woo-feed-brand?post=14299"}],"curies":[{"name":"wp","href":"https:\/\/api.w.org\/{rel}","templated":true}]}}