{"id":14317,"date":"2022-06-13T03:50:24","date_gmt":"2022-06-13T01:50:24","guid":{"rendered":"http:\/\/tyditiao.com\/product\/trang-bi-chien-thuat-cap-iiia-mu-chong-dan-quan-doi-mau-den\/"},"modified":"2026-03-17T13:18:08","modified_gmt":"2026-03-17T11:18:08","slug":"mich2000-chong-dan-mu-kevlar-cap-3-den","status":"publish","type":"product","link":"https:\/\/tyditiao.com\/vi\/product\/mich2000-chong-dan-mu-kevlar-cap-3-den\/","title":{"rendered":"Trang b\u1ecb chi\u1ebfn thu\u1eadt c\u1ea5p IIIA, m\u0169 ch\u1ed1ng \u0111\u1ea1n qu\u00e2n \u0111\u1ed9i, m\u00e0u \u0111en"},"content":{"rendered":"<p><strong>L\u1edbp ph\u00f2ng th\u1ee7:<\/strong><br \/>\nM\u0169 ch\u1ed1ng \u0111\u1ea1n n\u00e0y l\u00e0 m\u0169 ch\u1ed1ng \u0111\u1ea1n NIJ C\u1ea5p IIIA theo ti\u00eau chu\u1ea9n NIJ 0101.06 v\u00e0 c\u00f3 th\u1ec3 cung c\u1ea5p b\u00e1o c\u00e1o th\u1eed nghi\u1ec7m t\u01b0\u01a1ng \u1ee9ng.<\/p>\n<hr \/>\n<p><strong>Th\u00f4ng s\u1ed1 \u0111\u01b0\u1eddng \u0111\u1ea1n ph\u00f2ng th\u1ee7:<\/strong><br \/>\n.44 Mag SJHP<br \/>\n.357 SIG FMJ FN<br \/>\nFMJ 9mm<br \/>\n.357 Mag JSP<br \/>\n.40 S&amp;W FMJ<\/p>\n<p>C\u0169ng cung c\u1ea5p kh\u1ea3 n\u0103ng b\u1ea3o v\u1ec7 ch\u1ed1ng l\u1ea1i h\u1ea7u h\u1ebft c\u00e1c m\u1ed1i \u0111e d\u1ecda t\u1eeb s\u00fang ng\u1eafn c\u0169ng nh\u01b0 c\u00e1c m\u1ed1i \u0111e d\u1ecda Lo\u1ea1i IIA v\u00e0 II<\/p>\n<hr \/>\n<p><strong>Th\u00f4ng s\u1ed1 m\u0169 b\u1ea3o hi\u1ec3m ch\u1ed1ng \u0111\u1ea1n:<\/strong><br \/>\nT\u00ean: M\u0169 b\u1ea3o hi\u1ec3m ch\u1ed1ng \u0111\u1ea1n NIJ lllA MICH2000<\/p>\n<p>V\u1eadt ch\u1ea5t: S\u1ee3i Kevlar-DuPont Aramid c\u00f3 \u0111\u1ed9 b\u1ec1n k\u00e9o cao<br \/>\nChu vi v\u00f2ng \u0111\u1ea7u: 52-60 cm<br \/>\nL\u1edbp l\u00f3t: L\u1edbp l\u00f3t x\u1ed1p \u0111\u00e0n h\u1ed3i ch\u1eadm c\u00f3 th\u1ec3 \u0111\u1ecbnh v\u1ecb l\u1ea1i gi\u00fap \u0111\u1ed9i m\u0169 b\u1ea3o hi\u1ec3m lu\u00f4n tho\u1ea3i m\u00e1i, \u0111\u1ed3ng th\u1eddi ng\u0103n ng\u1eeba m\u1ecfi v\u00e0 qu\u00e1 n\u00f3ng.<br \/>\nC\u00e1c ph\u1ee5 ki\u1ec7n t\u00f9y ch\u1ecdn: m\u1eb7t n\u1ea1 d\u01b0\u1ee1ng kh\u00ed, t\u1ea5m che m\u1eb7t, t\u1ea5m ch\u1eafn b\u00ean, t\u1ea5m ch\u1eafn b\u00ean \u00e1o gi\u00e1p, t\u1ea5m ch\u1eafn, m\u0169 b\u1ea3o hi\u1ec3m, m\u1eb7t n\u1ea1 ch\u1ed1ng \u0111\u1ea1n, v.v.<br \/>\nM\u00e0u m\u0169 b\u1ea3o hi\u1ec3m: \u0110en<br \/>\nMICH l\u00e0 m\u0169 b\u1ea3o hi\u1ec3m ng\u0103n ch\u1eb7n \u0111\u1ea1n s\u00fang l\u1ee5c v\u00e0 cung c\u1ea5p kh\u1ea3 n\u0103ng b\u1ea3o v\u1ec7 \u0111\u00e1ng tin c\u1eady ch\u1ed1ng l\u1ea1i c\u00e1c m\u1ea3nh v\u1ee1 v\u00e0 m\u1ea3nh v\u1ee5n r\u01a1i xu\u1ed1ng.<br \/>\ns\u1ebd l\u00e0m gi\u1ea3m kh\u1ea3 n\u0103ng b\u1ea3o v\u1ec7.<\/p>\n<hr \/>\n<p><strong>&#8220;D\u00e0nh cho m\u1ecdi ng\u01b0\u1eddi:<\/strong><br \/>\nM\u0169 b\u1ea3o hi\u1ec3m \u0111\u1ea1n \u0111\u1ea1o NIJ lllA Kevlar MICH2000 x\u1eed l\u00fd c\u00e1c m\u1ed1i \u0111e d\u1ecda t\u1eeb s\u00fang l\u1ee5c v\u00e0 m\u1ea3nh \u0111\u1ea1n v\u1edbi kh\u1ea3 n\u0103ng \u0111\u00ednh k\u00e8m l\u1edbn h\u01a1n \u0111\u1ec3 v\u1eeba v\u1eb7n nh\u1eb9 h\u01a1n, tho\u1ea3i m\u00e1i h\u01a1n. M\u0169 b\u1ea3o hi\u1ec3m n\u00e0y ph\u00f9 h\u1ee3p v\u1edbi m\u1ecdi \u0111\u1ed1i t\u01b0\u1ee3ng ng\u01b0\u1eddi d\u00f9ng. Nh\u00e2n vi\u00ean t\u1eeb c\u00e1c c\u01a1 quan nh\u01b0 qu\u00e2n \u0111\u1ed9i, c\u1ea3nh s\u00e1t, SWAT, an ninh n\u1ed9i b\u1ed9, h\u1ea3i quan v\u00e0 bi\u00ean ph\u00f2ng c\u00f3 th\u1ec3 \u0111\u01b0\u1ee3c trang b\u1ecb kh\u1ea3 n\u0103ng chi\u1ebfn \u0111\u1ea5u n\u00e2ng cao. N\u00f3 c\u0169ng l\u00e0 m\u1ed9t l\u1ef1a ch\u1ecdn t\u1ed1t \u0111\u1ec3 b\u1ea3o v\u1ec7 nh\u00e0 v\u00e0 cosplay.<\/p>\n<hr \/>\n<p><strong>M\u0169 b\u1ea3o hi\u1ec3m qu\u00e2n \u0111\u1ed9i MICH2000 Kevlar l\u00e0 g\u00ec?<\/strong><br \/>\nM\u0169 b\u1ea3o hi\u1ec3m truy\u1ec1n th\u00f4ng t\u00edch h\u1ee3p m\u00f4-\u0111un (MICH) l\u00e0 m\u0169 b\u1ea3o hi\u1ec3m chi\u1ebfn \u0111\u1ea5u c\u1ee7a M\u1ef9 v\u00e0 l\u00e0 m\u1ed9t trong s\u1ed1 m\u0169 b\u1ea3o hi\u1ec3m \u0111\u01b0\u1ee3c s\u1eed d\u1ee5ng b\u1edfi qu\u00e2n \u0111\u1ed9i Hoa K\u1ef3. N\u00f3 \u0111\u01b0\u1ee3c ph\u00e1t tri\u1ec3n b\u1edfi Trung t\u00e2m H\u1ec7 th\u1ed1ng H\u1ec7 th\u1ed1ng L\u00ednh c\u1ee7a Qu\u00e2n \u0111\u1ed9i Hoa K\u1ef3 d\u01b0\u1edbi d\u1ea1ng m\u0169 chi\u1ebfn \u0111\u1ea5u b\u1ea3o v\u1ec7 th\u1ebf h\u1ec7 ti\u1ebfp theo \u0111\u01b0\u1ee3c s\u1eed d\u1ee5ng b\u1edfi qu\u00e2n \u0111\u1ed9i Hoa K\u1ef3. L\u00fd do ch\u00ednh \u0111\u1ec3 ph\u00e1t tri\u1ec3n MICH l\u00e0 \u0111\u1ec3 thay th\u1ebf c\u00e1c PASGT b\u1ea3o v\u1ec7 nh\u01b0ng n\u1eb7ng n\u1ec1, v\u00ec ch\u00fang nh\u1eb9 h\u01a1n, tho\u1ea3i m\u00e1i h\u01a1n, v\u1eeba v\u1eb7n h\u01a1n v\u00e0 d\u1ec5 l\u1eafp \u0111\u1eb7t ph\u1ee5 ki\u1ec7n h\u01a1n, \u0111\u1eb7c bi\u1ec7t l\u00e0 thi\u1ebft b\u1ecb nh\u00ecn \u0111\u00eam v\u00e0 tai nghe li\u00ean l\u1ea1c. Kh\u00f4ng g\u00e2y c\u0103ng th\u1eb3ng kh\u00f4ng c\u1ea7n thi\u1ebft tr\u00ean c\u1ed5. Ban \u0111\u1ea7u, n\u00f3 h\u1ea7u nh\u01b0 ch\u1ec9 \u0111\u01b0\u1ee3c s\u1eed d\u1ee5ng b\u1edfi SOCOM v\u00e0 m\u1ed9t s\u1ed1 th\u1ef1c th\u1ec3 c\u00f3 li\u00ean quan ch\u1eb7t ch\u1ebd. Cho \u0111\u1ebfn nay, MICH v\u00e0 c\u00e1c s\u1ea3n ph\u1ea9m ph\u00e1i sinh c\u1ee7a n\u00f3, M\u0169 b\u1ea3o hi\u1ec3m chi\u1ebfn \u0111\u1ea5u n\u00e2ng cao v\u00e0 M\u0169 b\u1ea3o hi\u1ec3m chi\u1ebfn \u0111\u1ea5u s\u1eeda \u0111\u1ed5i, \u0111\u00e3 thay th\u1ebf ho\u00e0n to\u00e0n PASGT trong qu\u00e2n \u0111\u1ed9i Hoa K\u1ef3 \u0111ang ho\u1ea1t \u0111\u1ed9ng v\u00e0 \u0111\u01b0\u1ee3c s\u1eed d\u1ee5ng, \u00edt nh\u1ea5t l\u00e0 \u1edf m\u1ed9t m\u1ee9c \u0111\u1ed9 n\u00e0o \u0111\u00f3, trong t\u1ea5t c\u1ea3 c\u00e1c s\u01b0 \u0111o\u00e0n c\u1ee7a Qu\u00e2n \u0111\u1ed9i Hoa K\u1ef3.<\/p>\n<hr \/>\n<p><strong>C\u00e1c t\u00ednh n\u0103ng c\u1ee7a m\u0169 b\u1ea3o hi\u1ec3m MICH2000 Kevlar:<\/strong><br \/>\nTr\u1ecdng l\u01b0\u1ee3ng c\u1ee7a MICH l\u00e0 kho\u1ea3ng 1,6 kg. MICH c\u0169ng nh\u1ecf h\u01a1n m\u1ed9t ch\u00fat so v\u1edbi PASGT, c\u00f3 t\u1ea7m b\u1eafn th\u1ea5p h\u01a1n 8%, s\u1eed d\u1ee5ng s\u1ee3i Kevlar m\u1edbi, ti\u00ean ti\u1ebfn h\u01a1n v\u00e0 cung c\u1ea5p kh\u1ea3 n\u0103ng b\u1ea3o v\u1ec7 s\u00fang l\u1ee5c v\u00e0 \u0111\u1ea1n t\u1ed1t h\u01a1n. H\u1ec7 th\u1ed1ng \u0111\u1ec7m v\u00e0 h\u1ec7 th\u1ed1ng bu\u1ed9c b\u1ed1n \u0111i\u1ec3m, t\u01b0\u01a1ng t\u1ef1 nh\u01b0 d\u00e2y \u0111ai b\u1ea3o v\u1ec7 v\u00e0 d\u00e2y \u0111ai tr\u00ean v\u00e1n tr\u01b0\u1ee3t, m\u0169 b\u1ea3o hi\u1ec3m xe \u0111\u1ea1p v\u00e0 m\u0169 b\u1ea3o hi\u1ec3m n\u01b0\u1edbc, thay th\u1ebf h\u1ec7 th\u1ed1ng treo d\u00e2y nylon, d\u00e2y \u0111eo th\u1ea5m m\u1ed3 h\u00f4i v\u00e0 d\u00e2y \u0111eo c\u1eb1m tr\u00ean m\u0169 b\u1ea3o hi\u1ec3m PASGT. S\u1ef1 thay \u0111\u1ed5i n\u00e0y mang \u0111\u1ebfn cho ng\u01b0\u1eddi \u0111eo s\u1ef1 tho\u1ea3i m\u00e1i v\u00e0 kh\u1ea3 n\u0103ng ch\u1ed1ng va \u0111\u1eadp t\u1ed1t h\u01a1n. N\u00f3 c\u00f3 gi\u00e1 g\u1eafn ph\u00eda tr\u01b0\u1edbc cho k\u00ednh nh\u00ecn ban \u0111\u00eam (ch\u1eb3ng h\u1ea1n nh\u01b0 AN\/PVS-14 ho\u1eb7c AN\/PVS-15), t\u01b0\u01a1ng t\u1ef1 nh\u01b0 gi\u00e1 tr\u00ean m\u0169 b\u1ea3o hi\u1ec3m PASGT. N\u00f3 c\u0169ng c\u00f3 m\u1ed9t c\u1eb7p d\u00e2y \u0111ai \u1edf ph\u00eda sau \u0111\u1ec3 g\u1eafn k\u00ednh an to\u00e0n, c\u0169ng nh\u01b0 m\u1ed9t chi\u1ebfc m\u0169 b\u1ea3o hi\u1ec3m b\u1eb1ng v\u1ea3i v\u1edbi nhi\u1ec1u ki\u1ec3u ng\u1ee5y trang kh\u00e1c nhau. Tr\u00e1i ng\u01b0\u1ee3c v\u1edbi \u0111\u01b0\u1eddng vi\u1ec1n &#8220;cong&#8221;, PASGT ch\u1ee7 y\u1ebfu l\u00e0 lo\u1ea1i b\u1ecf l\u00f4ng m\u00e0y v\u00e0 n\u00e2ng hai b\u00ean th\u00e0nh \u0111i\u1ec3m &#8220;ph\u1eb3ng&#8221; \u1edf m\u00e9p d\u01b0\u1edbi ph\u00eda sau th\u00e1i d\u01b0\u01a1ng. \u0110i\u1ec1u n\u00e0y l\u00e0m gi\u1ea3m ph\u1ea7n n\u00e0o tr\u1ecdng l\u01b0\u1ee3ng v\u00e0 cho ph\u00e9p nh\u1eadn th\u1ee9c t\u00ecnh hu\u1ed1ng t\u1ed1t h\u01a1n v\u00e0 \u00edt ch\u01b0\u1edbng ng\u1ea1i v\u1eadt h\u01a1n trong t\u1ea7m nh\u00ecn c\u1ee7a ng\u01b0\u1eddi d\u00f9ng, \u0111\u1eb7c bi\u1ec7t l\u00e0 khi k\u1ebft h\u1ee3p v\u1edbi \u00e1o ch\u1ed1ng \u0111\u1ea1n \u0111\u00e1nh ch\u1eb7n. C\u00e1c binh s\u0129 tr\u01b0\u1edbc \u0111\u00e2y \u0111\u00e3 ph\u00e0n n\u00e0n r\u1eb1ng c\u1ed5 \u00e1o c\u00f3 kh\u1ea3 n\u0103ng \u0111\u00e1nh ch\u1eb7n cao v\u00e0 d\u00e2y \u0111eo c\u1eb1m hai \u0111i\u1ec3m \u0111\u1ea9y ph\u1ea7n sau c\u1ee7a m\u0169 b\u1ea3o hi\u1ec3m PASGT v\u1ec1 ph\u00eda tr\u01b0\u1edbc v\u00e0 khi h\u1ecd c\u1ed1 g\u1eafng khai h\u1ecfa t\u1eeb t\u01b0 th\u1ebf n\u1eb1m s\u1ea5p, m\u00e9p c\u1ee7a m\u0169 b\u1ea3o hi\u1ec3m s\u1ebd tr\u01b0\u1ee3t qua m\u1eaft h\u1ecd, \u0111i\u1ec1u m\u00e0 \u1edf MICH, \u0111\u00e3 g\u00e2y ra. m\u1ed9t d\u00e2y \u0111eo c\u1eb1m c\u00f3 \u0111\u01b0\u1eddng vi\u1ec1n v\u00e0 b\u1ed1n \u0111i\u1ec3m \u0111\u01b0\u1ee3c thu h\u1eb9p.<\/p>\n<hr \/>\n<p><strong>M\u0169 b\u1ea3o hi\u1ec3m \u0111\u1ea1n \u0111\u1ea1o chi\u1ebfn thu\u1eadt MICH2000 hay FAST ph\u1ed5 bi\u1ebfn h\u01a1n?<\/strong><br \/>\nMICH2000 c\u00f3 b\u1ec1 m\u1eb7t b\u1ea3o v\u1ec7 l\u1edbn h\u01a1n, s\u1ebd c\u00f3 l\u1ee3i h\u01a1n n\u1ebfu b\u1ea1n kh\u00f4ng \u0111\u1ecbnh l\u1eafp nhi\u1ec1u ph\u1ee5 ki\u1ec7n. N\u1ebfu b\u1ea1n d\u1ef1 \u0111\u1ecbnh ch\u1ecdn nhi\u1ec1u thi\u1ebft b\u1ecb, ch\u1eb3ng h\u1ea1n nh\u01b0 (\u0111eo \u0111\u00e8n pin, tai nghe ch\u1ed1ng \u1ed3n v\u00e0 thi\u1ebft b\u1ecb li\u00ean l\u1ea1c, k\u00ednh nh\u00ecn ban \u0111\u00eam ho\u1eb7c thi\u1ebft b\u1ecb quay phim, v.v.), th\u00ec n\u00ean ch\u1ecdn NHANH CH\u00d3NG, v\u00ec n\u00f3 s\u1ebd kh\u00f4ng qu\u00e1 n\u1eb7ng , s\u1ebd t\u1ea1o \u00e1p l\u1ef1c l\u00ean c\u1ed5, gi\u00e1n ti\u1ebfp \u1ea3nh h\u01b0\u1edfng \u0111\u1ebfn kh\u1ea3 n\u0103ng ho\u1ea1t \u0111\u1ed9ng.<\/p>\n<hr \/>\n<p><strong>Gi\u00e1 m\u0169 b\u1ea3o hi\u1ec3m qu\u00e2n \u0111\u1ed9i MICH2000<\/strong><br \/>\n\u0110\u00e2y l\u00e0 c\u1eeda h\u00e0ng m\u0169 b\u1ea3o hi\u1ec3m an to\u00e0n chi\u1ebfn thu\u1eadt c\u1ee7a ch\u00fang t\u00f4i, vui l\u00f2ng mua tr\u1ef1c ti\u1ebfp t\u1eeb trang web c\u1ee7a ch\u00fang t\u00f4i, b\u1ea1n c\u00f3 th\u1ec3 \u0111\u01b0\u1ee3c gi\u1ea3m 15% so v\u1edbi gi\u00e1 g\u1ed1c<\/p>\n<hr \/>\n<p>N\u1ebfu b\u1ea1n mu\u1ed1n mua s\u1ea3n ph\u1ea9m c\u1ee7a ch\u00fang t\u00f4i ho\u1eb7c c\u00f3 b\u1ea5t k\u1ef3 c\u00e2u h\u1ecfi n\u00e0o v\u1ec1 s\u1ea3n ph\u1ea9m c\u1ee7a ch\u00fang t\u00f4i;<br \/>\nN\u1ebfu b\u1ea1n c\u00f3 b\u1ea5t k\u1ef3 nhu c\u1ea7u t\u00f9y ch\u1ec9nh n\u00e0o;<br \/>\nVui l\u00f2ng (<a href=\"https:\/\/tyditiao.com\/vi\/lien-he\/\">li\u00ean h\u1ec7 v\u1edbi ch\u00fang t\u00f4i<\/a>) ngay l\u1eadp t\u1ee9c, ch\u00fang t\u00f4i s\u1ebd tr\u1ea3 l\u1eddi b\u1ea1n trong v\u00f2ng 1 ng\u00e0y l\u00e0m vi\u1ec7c<\/p>\n","protected":false},"excerpt":{"rendered":"<p>\u0110\u01b0\u1ee3c l\u00e0m b\u1eb1ng s\u1ee3i DuPont Kevlar Aramid c\u00f3 \u0111\u1ed9 b\u1ec1n cao, ch\u1ecbu nhi\u1ec7t v\u00e0 kh\u00f4ng d\u1ec5 bi\u1ebfn d\u1ea1ng<\/p>\n<p>NIJ C\u1ea5p \u0111\u1ed9 IIIA<\/p>\n<p>H\u1ec7 th\u1ed1ng \u0111i\u1ec1u ch\u1ec9nh chu vi \u0111\u1ea7u, c\u00f3 th\u1ec3 l\u00e0m cho m\u0169 b\u1ea3o hi\u1ec3m \u0111\u1ea1t \u0111\u01b0\u1ee3c hi\u1ec7u qu\u1ea3 \u0111\u1ed9i l\u00fd t\u01b0\u1edfng<\/p>\n<p>Tr\u00e1n \u0111\u01b0\u1ee3c gia c\u1ed1 b\u1eb1ng d\u00e2y \u0111ai \u0111\u00e0n h\u1ed3i \u1edf hai b\u00ean c\u1ee7a b\u1ea1ch tu\u1ed9c (d\u01b0\u1edbi c\u00f9ng c\u1ee7a gi\u00e1 \u0111\u1ee1 t\u1ea7m nh\u00ecn ban \u0111\u00eam) \u0111\u1ec3 g\u1eafn g\u01b0\u01a1ng, m\u00e1y \u1ea3nh, k\u00ednh nh\u00ecn ban \u0111\u00eam v\u00e0 c\u00e1c thi\u1ebft b\u1ecb kh\u00e1c<\/p>\n<p>\u0110\u01b0\u1ee3c trang b\u1ecb thanh ray, g\u1eafn ph\u1ee5 ki\u1ec7n m\u1ea1nh m\u1ebd h\u01a1n, c\u00f3 th\u1ec3 \u0111\u01b0\u1ee3c trang b\u1ecb h\u1ec7 th\u1ed1ng \u0111\u00e8n m\u1ea1nh v\u00e0 \u0111\u00e8n nh\u1eadn d\u1ea1ng \u0111\u00e8n hi\u1ec7u, c\u0169ng c\u00f3 th\u1ec3 \u0111\u01b0\u1ee3c trang b\u1ecb thi\u1ebft b\u1ecb b\u1ea3o v\u1ec7 th\u00ednh gi\u00e1c<\/p>\n","protected":false},"featured_media":11403,"comment_status":"open","ping_status":"closed","template":"","meta":[],"product_brand":[],"product_cat":[809,791],"product_tag":[],"woo-feed-brand":[50],"class_list":{"0":"post-14317","1":"product","2":"type-product","3":"status-publish","4":"has-post-thumbnail","6":"product_cat-mich2000-vi","7":"product_cat-mu-chong-dan","8":"woo-feed-brand-tyditiao","10":"first","11":"instock","12":"sale","13":"shipping-taxable","14":"purchasable","15":"product-type-simple"},"_links":{"self":[{"href":"https:\/\/tyditiao.com\/vi\/wp-json\/wp\/v2\/product\/14317","targetHints":{"allow":["GET"]}}],"collection":[{"href":"https:\/\/tyditiao.com\/vi\/wp-json\/wp\/v2\/product"}],"about":[{"href":"https:\/\/tyditiao.com\/vi\/wp-json\/wp\/v2\/types\/product"}],"replies":[{"embeddable":true,"href":"https:\/\/tyditiao.com\/vi\/wp-json\/wp\/v2\/comments?post=14317"}],"wp:featuredmedia":[{"embeddable":true,"href":"https:\/\/tyditiao.com\/vi\/wp-json\/wp\/v2\/media\/11403"}],"wp:attachment":[{"href":"https:\/\/tyditiao.com\/vi\/wp-json\/wp\/v2\/media?parent=14317"}],"wp:term":[{"taxonomy":"product_brand","embeddable":true,"href":"https:\/\/tyditiao.com\/vi\/wp-json\/wp\/v2\/product_brand?post=14317"},{"taxonomy":"product_cat","embeddable":true,"href":"https:\/\/tyditiao.com\/vi\/wp-json\/wp\/v2\/product_cat?post=14317"},{"taxonomy":"product_tag","embeddable":true,"href":"https:\/\/tyditiao.com\/vi\/wp-json\/wp\/v2\/product_tag?post=14317"},{"taxonomy":"woo-feed-brand","embeddable":true,"href":"https:\/\/tyditiao.com\/vi\/wp-json\/wp\/v2\/woo-feed-brand?post=14317"}],"curies":[{"name":"wp","href":"https:\/\/api.w.org\/{rel}","templated":true}]}}