{"id":16861,"date":"2025-04-17T11:28:35","date_gmt":"2025-04-17T09:28:35","guid":{"rendered":"https:\/\/tyditiao.com\/product\/mu-bao-hiem-chong-dan-co-tam-chan-mat-va-bao-ve-cam-tdtm-3-bao-ve-toan-dien-nij-iiia-ly-tuong-cho-cac-dieu-kien-chien-thuat-khac-nghiet\/"},"modified":"2025-04-23T05:30:07","modified_gmt":"2025-04-23T03:30:07","slug":"mu-bao-hiem-chong-dan-co-tam-chan-mat-va-bao-ve-cam-tdtm-3-bao-ve-toan-dien-nij-iiia-ly-tuong-cho-cac-dieu-kien-chien-thuat-khac-nghiet","status":"publish","type":"product","link":"https:\/\/tyditiao.com\/vi\/product\/mu-bao-hiem-chong-dan-co-tam-chan-mat-va-bao-ve-cam-tdtm-3-bao-ve-toan-dien-nij-iiia-ly-tuong-cho-cac-dieu-kien-chien-thuat-khac-nghiet\/","title":{"rendered":"M\u0169 b\u1ea3o hi\u1ec3m ch\u1ed1ng \u0111\u1ea1n c\u00f3 t\u1ea5m ch\u1eafn m\u1eb7t v\u00e0 b\u1ea3o v\u1ec7 c\u1eb1m, TDTM-3, b\u1ea3o v\u1ec7 to\u00e0n di\u1ec7n NIJ IIIA, l\u00fd t\u01b0\u1edfng cho c\u00e1c \u0111i\u1ec1u ki\u1ec7n chi\u1ebfn thu\u1eadt kh\u1eafc nghi\u1ec7t"},"content":{"rendered":"<p>K\u00ednh ch\u1ed1ng \u0111\u1ea1n c\u01b0\u1eddng \u0111\u1ed9 cao: K\u00ednh ch\u1ed1ng \u0111\u1ea1n ch\u1ea5t l\u01b0\u1ee3ng cao b\u1ea3o v\u1ec7 hi\u1ec7u qu\u1ea3 cho khu\u00f4n m\u1eb7t c\u1ee7a b\u1ea1n trong tr\u01b0\u1eddng h\u1ee3p x\u1ea3y ra n\u1ed5 ho\u1eb7c va ch\u1ea1m \u0111\u1ed3ng th\u1eddi \u0111\u1ea3m b\u1ea3o t\u1ea7m nh\u00ecn tuy\u1ec7t v\u1eddi.<\/p>\n<p>M\u00f4-\u0111un b\u1ea3o v\u1ec7 h\u00e0m: M\u00f4-\u0111un \u0111\u01b0\u1ee3c thi\u1ebft k\u1ebf \u0111\u1eb7c bi\u1ec7t \u0111\u1ec3 b\u1ea3o v\u1ec7 v\u00f9ng h\u00e0m, cung c\u1ea5p th\u00eam kh\u1ea3 n\u0103ng b\u1ea3o v\u1ec7 cho c\u1eb1m, b\u1ea3o v\u1ec7 ch\u1ed1ng l\u1ea1i ch\u1ea5n th\u01b0\u01a1ng trong c\u00e1c ho\u1ea1t \u0111\u1ed9ng chi\u1ebfn thu\u1eadt.<\/p>\n<p>H\u1ec7 th\u1ed1ng \u0111i\u1ec1u ch\u1ec9nh tho\u1ea3i m\u00e1i: \u0110\u01b0\u1ee3c trang b\u1ecb h\u1ec7 th\u1ed1ng treo c\u00f3 th\u1ec3 \u0111i\u1ec1u ch\u1ec9nh v\u00e0 l\u1edbp \u0111\u1ec7m m\u00fat ho\u1ea1t t\u00ednh m\u1eadt \u0111\u1ed9 cao mang l\u1ea1i s\u1ef1 \u00eam \u00e1i, th\u1ea5m h\u00fat \u0111\u1ed9 \u1ea9m v\u00e0 m\u1ed3 h\u00f4i, \u0111\u1ed3ng th\u1eddi gi\u1ea3m m\u1ec7t m\u1ecfi khi s\u1eed d\u1ee5ng trong th\u1eddi gian d\u00e0i. C\u00f3 nhi\u1ec1u k\u00edch c\u1ee1 kh\u00e1c nhau (S, M, L, XL) \u0111\u1ea3m b\u1ea3o v\u1eeba v\u1eb7n tho\u1ea3i m\u00e1i v\u1edbi h\u00ecnh d\u1ea1ng \u0111\u1ea7u. <\/p>\n<p>L\u1eafp ph\u1ee5 ki\u1ec7n chi\u1ebfn thu\u1eadt: M\u0169 b\u1ea3o hi\u1ec3m c\u00f3 nhi\u1ec1u \u0111i\u1ec3m l\u1eafp cho ph\u00e9p l\u1eafp \u0111\u1eb7t nhanh ch\u00f3ng thi\u1ebft b\u1ecb nh\u00ecn ban \u0111\u00eam, thi\u1ebft b\u1ecb li\u00ean l\u1ea1c v\u00e0 c\u00e1c ph\u1ee5 ki\u1ec7n chi\u1ebfn thu\u1eadt kh\u00e1c, \u0111\u00e1p \u1ee9ng y\u00eau c\u1ea7u c\u1ee7a c\u00e1c ho\u1ea1t \u0111\u1ed9ng chi\u1ebfn \u0111\u1ea5u chuy\u00ean bi\u1ec7t.<\/p>\n<p><strong>L\u01b0u \u00fd \u0111\u1eb7c bi\u1ec7t:<\/strong><\/p>\n<p>M\u0169 b\u1ea3o hi\u1ec3m ch\u1ed1ng \u0111\u1ea1n \u0111\u1ea1t chu\u1ea9n NIJ IIIA n\u00e0y cung c\u1ea5p kh\u1ea3 n\u0103ng b\u1ea3o v\u1ec7 to\u00e0n di\u1ec7n cho \u0111\u1ea7u trong c\u00e1c ho\u1ea1t \u0111\u1ed9ng chi\u1ebfn thu\u1eadt. N\u00f3 \u0111\u01b0\u1ee3c thi\u1ebft k\u1ebf \u0111\u1eb7c bi\u1ec7t \u0111\u1ec3 \u0111\u1ea3m b\u1ea3o an to\u00e0n cho binh l\u00ednh trong \u0111i\u1ec1u ki\u1ec7n kh\u1eafc nghi\u1ec7t. Cho d\u00f9 l\u00e0 k\u00ednh ch\u1ed1ng \u0111\u1ea1n tr\u00ean m\u1eb7t hay c\u00e1c m\u00f4-\u0111un ch\u1ed1ng \u0111\u1ea1n tr\u00ean h\u00e0m, ch\u00fang \u0111\u1ec1u mang l\u1ea1i kh\u1ea3 n\u0103ng b\u1ea3o v\u1ec7 v\u00f4 song ch\u1ed1ng l\u1ea1i c\u00e1c m\u1ea3nh \u0111\u1ea1n, m\u1ea3nh v\u1ee1 v\u00e0 thi\u1ec7t h\u1ea1i do va \u0111\u1eadp. Thi\u1ebft k\u1ebf \u0111\u01b0\u1ee3c c\u00e2n nh\u1eafc k\u1ef9 l\u01b0\u1ee1ng v\u00e0 h\u1ec7 th\u1ed1ng \u0111i\u1ec1u ch\u1ec9nh tho\u1ea3i m\u00e1i \u0111\u1ea3m b\u1ea3o s\u1ef1 tho\u1ea3i m\u00e1i t\u1ed1i \u0111a trong qu\u00e1 tr\u00ecnh chi\u1ebfn \u0111\u1ea5u k\u00e9o d\u00e0i. Cho d\u00f9 l\u00e0 tr\u00ean chi\u1ebfn tr\u01b0\u1eddng, ho\u1ea1t \u0111\u1ed9ng th\u1ef1c thi ph\u00e1p lu\u1eadt hay m\u00f4i tr\u01b0\u1eddng hu\u1ea5n luy\u1ec7n, ch\u00fang t\u00f4i \u0111\u1ec1u c\u00f3 th\u1ec3 cung c\u1ea5p cho b\u1ea1n s\u1ef1 h\u1ed7 tr\u1ee3 v\u1eefng ch\u1eafc.    <\/p>\n<p>N\u1ebfu kh\u00f4ng c\u00f3 l\u01b0u \u00fd g\u00ec \u0111\u1eb7c bi\u1ec7t th\u00ec c\u1ea5u h\u00ecnh m\u1eb7c \u0111\u1ecbnh l\u00e0: size L, m\u00e0u xanh l\u00e1 c\u00e2y. Ngo\u00e0i ra, ch\u00fang t\u00f4i c\u00f2n cung c\u1ea5p nhi\u1ec1u m\u00e0u s\u1eafc (c\u00e1t\/\u0111en\/xanh l\u00e1\/ng\u1ee5y trang MC\/n\u00e2u s\u00f3i) v\u00e0 k\u00edch c\u1ee1 (S, M, L, XL) \u0111\u1ec3 b\u1ea1n l\u1ef1a ch\u1ecdn. <\/p>\n<p>D\u00f9 b\u1ea1n \u1edf \u0111\u00e2u, b\u1ea1n c\u0169ng c\u00f3 th\u1ec3 \u0111\u1eb7t h\u00e0ng tr\u1ef1c ti\u1ebfp th\u00f4ng qua li\u00ean k\u1ebft n\u00e0y v\u00e0 mua h\u00e0ng m\u00e0 kh\u00f4ng g\u1eb7p b\u1ea5t k\u1ef3 v\u1ea5n \u0111\u1ec1 g\u00ec. Ch\u1ec9 c\u1ea7n ghi r\u00f5 k\u00edch th\u01b0\u1edbc v\u00e0 m\u00e0u s\u1eafc b\u1ea1n c\u1ea7n trong ghi ch\u00fa \u0111\u01a1n h\u00e0ng (v\u00ed d\u1ee5: XL-\u0111en) v\u00e0 b\u1ea1n s\u1ebd nh\u1eadn \u0111\u01b0\u1ee3c thi\u1ebft b\u1ecb m\u01a1 \u01b0\u1edbc c\u1ee7a m\u00ecnh. Ch\u00fang t\u00f4i s\u1ebd kh\u00f4ng t\u00ednh th\u00eam b\u1ea5t k\u1ef3 kho\u1ea3n ph\u00ed n\u00e0o khi b\u1ea1n ch\u1ecdn m\u00e0u s\u1eafc v\u00e0 k\u00edch c\u1ee1 kh\u00e1c.  <\/p>\n<hr>\n<p><strong>V\u1ec1 c\u00e1c t\u00ecnh hu\u1ed1ng:<\/strong><\/p>\n<p>L\u1ef1c l\u01b0\u1ee3ng t\u00e1c chi\u1ebfn \u0111\u1eb7c bi\u1ec7t<br \/>\nTh\u1ef1c thi trong m\u00f4i tr\u01b0\u1eddng c\u00f3 nguy c\u01a1 cao<br \/>\nTh\u1ec3 thao chi\u1ebfn thu\u1eadt ngo\u00e0i tr\u1eddi v\u00e0 hu\u1ea5n luy\u1ec7n b\u1eafn s\u00fang<br \/>\nNhi\u1ec7m v\u1ee5 c\u1ee9u h\u1ed9 v\u00e0 ki\u1ec3m so\u00e1t b\u1ea1o lo\u1ea1n<\/p>\n<hr>\n<p><strong>Th\u00f4ng s\u1ed1 \u0111\u1ea1n ph\u00f2ng th\u1ee7:<\/strong><\/p>\n<p>.44 Mag SJHP<br \/>\n.357 SIG FMJ FN<br \/>\n9mm FMJ RN<br \/>\n.357 Mag JSP<br \/>\n.40 S&amp;W FMJ<\/p>\n<p>Ngo\u00e0i ra, n\u00f3 c\u00f2n c\u00f3 kh\u1ea3 n\u0103ng b\u1ea3o v\u1ec7 ch\u1ed1ng l\u1ea1i h\u1ea7u h\u1ebft c\u00e1c m\u1ed1i \u0111e d\u1ecda t\u1eeb s\u00fang, c\u0169ng nh\u01b0 c\u00e1c m\u1ed1i \u0111e d\u1ecda Lo\u1ea1i IIA v\u00e0 Lo\u1ea1i II.<\/p>\n<hr>\n<p><strong>tham s\u1ed1:<\/strong><\/p>\n<p>M\u1eabu m\u0169 b\u1ea3o hi\u1ec3m: TDTM-3<br \/>\nCh\u1ea5t li\u1ec7u: M\u0169 b\u1ea3o hi\u1ec3m v\u00e0 mi\u1ebfng b\u1ea3o v\u1ec7 mi\u1ec7ng \u0111\u01b0\u1ee3c l\u00e0m b\u1eb1ng UHMWPE<br \/>\nTr\u1ecdng l\u01b0\u1ee3ng: kho\u1ea3ng 2,8 kg (m\u0169 ch\u1ed1ng \u0111\u1ea1n + m\u1eb7t n\u1ea1 ch\u1ed1ng \u0111\u1ea1n + mi\u1ebfng b\u1ea3o v\u1ec7 mi\u1ec7ng)<br \/>\nK\u00edch th\u01b0\u1edbc: S (53-59cm), M (53-59cm), L (56-59cm), L (58-62cm)<br \/>\nM\u00e0u s\u1eafc: \u0110en\/Xanh l\u00e1\/MC Camo\/Wolf Brown<br \/>\nC\u1ea5u tr\u00fac: Th\u00e2n m\u0169 b\u1ea3o hi\u1ec3m v\u00e0 c\u00e1c b\u1ed9 ph\u1eadn b\u1ea3o v\u1ec7 m\u1eb7t (c\u00f3 th\u1ec3 th\u00e1o r\u1eddi)<br \/>\nV\u00f9ng b\u1ea3o v\u1ec7: th\u00e2n m\u0169 b\u1ea3o hi\u1ec3m \u2265 0,125 mm, k\u00ednh b\u1ea3o h\u1ed9 \u2265 0,025 m, tr\u00e1n \u2265 0,04 m<\/p>\n<p>&nbsp;<\/p>\n","protected":false},"excerpt":{"rendered":"<p>B\u1ea3o v\u1ec7 to\u00e0n di\u1ec7n: K\u1ebft h\u1ee3p t\u1ea5m ch\u1eafn m\u1eb7t ch\u1ed1ng \u0111\u1ea1n v\u00e0 m\u00f4-\u0111un b\u1ea3o v\u1ec7 h\u00e0m \u0111\u1ec3 cung c\u1ea5p kh\u1ea3 n\u0103ng b\u1ea3o v\u1ec7 360 \u0111\u1ed9 cho to\u00e0n b\u1ed9 \u0111\u1ea7u, \u0111\u1ea3m b\u1ea3o an to\u00e0n ho\u00e0n to\u00e0n trong m\u00f4i tr\u01b0\u1eddng c\u00f3 nguy c\u01a1 cao.<\/p>\n<p>Tr\u1ecdng t\u00e2m \u0111\u01b0\u1ee3c t\u1ed1i \u01b0u h\u00f3a, v\u1eeba v\u1eb7n \u1ed5n \u0111\u1ecbnh: C\u1ea5u tr\u00fac m\u0169 b\u1ea3o hi\u1ec3m \u0111\u01b0\u1ee3c thi\u1ebft k\u1ebf ch\u00ednh x\u00e1c \u0111\u1ea3m b\u1ea3o ph\u00e2n b\u1ed5 tr\u1ecdng t\u00e2m h\u1ee3p l\u00fd, lo\u1ea1i b\u1ecf ch\u1ea5n \u0111\u1ed9ng khi ch\u1ea1y ho\u1eb7c nh\u1ea3y. \u0110i\u1ec1u n\u00e0y cho ph\u00e9p b\u1ea1n duy tr\u00ec s\u1ef1 linh ho\u1ea1t v\u00e0 t\u1ef1 do khi ng\u1eafm b\u1eafn \u1edf t\u01b0 th\u1ebf \u0111\u1ee9ng, b\u1eafn s\u00fang, th\u1ef1c hi\u1ec7n c\u00e1c \u0111\u1ed9ng t\u00e1c chi\u1ebfn thu\u1eadt v\u00e0 c\u00e1c ho\u1ea1t \u0111\u1ed9ng kh\u00e1c. T\u1ed5ng tr\u1ecdng l\u01b0\u1ee3ng \u0111\u00e3 \u0111\u01b0\u1ee3c gi\u1ea3m \u0111\u1ebfn m\u1ee9c t\u1ed1i \u0111a c\u00f3 th\u1ec3 nh\u01b0ng v\u1eabn \u0111\u1ea3m b\u1ea3o kh\u1ea3 n\u0103ng b\u1ea3o v\u1ec7 to\u00e0n di\u1ec7n.  <\/p>\n<p>Ti\u00eau chu\u1ea9n b\u1ea3o v\u1ec7 NIJ IIIA: \u0110\u00e1p \u1ee9ng c\u00e1c ti\u00eau chu\u1ea9n NIJ IIIA, b\u1ea3o v\u1ec7 hi\u1ec7u qu\u1ea3 ch\u1ed1ng l\u1ea1i c\u00e1c cu\u1ed9c t\u1ea5n c\u00f4ng c\u00f3 m\u1ee9c \u0111\u1ed9 \u0111e d\u1ecda t\u1eeb th\u1ea5p \u0111\u1ebfn trung b\u00ecnh nh\u01b0 \u0111\u1ea1n s\u00fang ng\u1eafn v\u00e0 m\u1ea3nh \u0111\u1ea1n, t\u0103ng c\u01b0\u1eddng an to\u00e0n chi\u1ebfn thu\u1eadt.<\/p>\n","protected":false},"featured_media":16780,"comment_status":"open","ping_status":"closed","template":"","meta":[],"product_brand":[],"product_cat":[607,791],"product_tag":[],"woo-feed-brand":[50],"class_list":{"0":"post-16861","1":"product","2":"type-product","3":"status-publish","4":"has-post-thumbnail","6":"product_cat-mat-na-dan-dao","7":"product_cat-mu-chong-dan","8":"woo-feed-brand-tyditiao","10":"first","11":"instock","12":"sale","13":"shipping-taxable","14":"purchasable","15":"product-type-simple"},"_links":{"self":[{"href":"https:\/\/tyditiao.com\/vi\/wp-json\/wp\/v2\/product\/16861","targetHints":{"allow":["GET"]}}],"collection":[{"href":"https:\/\/tyditiao.com\/vi\/wp-json\/wp\/v2\/product"}],"about":[{"href":"https:\/\/tyditiao.com\/vi\/wp-json\/wp\/v2\/types\/product"}],"replies":[{"embeddable":true,"href":"https:\/\/tyditiao.com\/vi\/wp-json\/wp\/v2\/comments?post=16861"}],"wp:featuredmedia":[{"embeddable":true,"href":"https:\/\/tyditiao.com\/vi\/wp-json\/wp\/v2\/media\/16780"}],"wp:attachment":[{"href":"https:\/\/tyditiao.com\/vi\/wp-json\/wp\/v2\/media?parent=16861"}],"wp:term":[{"taxonomy":"product_brand","embeddable":true,"href":"https:\/\/tyditiao.com\/vi\/wp-json\/wp\/v2\/product_brand?post=16861"},{"taxonomy":"product_cat","embeddable":true,"href":"https:\/\/tyditiao.com\/vi\/wp-json\/wp\/v2\/product_cat?post=16861"},{"taxonomy":"product_tag","embeddable":true,"href":"https:\/\/tyditiao.com\/vi\/wp-json\/wp\/v2\/product_tag?post=16861"},{"taxonomy":"woo-feed-brand","embeddable":true,"href":"https:\/\/tyditiao.com\/vi\/wp-json\/wp\/v2\/woo-feed-brand?post=16861"}],"curies":[{"name":"wp","href":"https:\/\/api.w.org\/{rel}","templated":true}]}}