{"id":6911,"date":"2023-03-05T03:22:19","date_gmt":"2023-03-05T01:45:55","guid":{"rendered":"http:\/\/tyditiao.com\/product\/mich2000-%e9%98%b2%e5%bc%b9%e5%a4%b4%e7%9b%94%ef%bc%8c3a-%e6%88%98%e6%9c%af%e9%98%b2%e5%bc%b9%e5%a4%b4%e7%9b%94%ef%bc%8c%e7%89%b9%e6%ae%8a%e5%b0%ba%e5%af%b8%ef%bc%8c%e5%ae%9a%e5%88%b6%e9%a2%9c\/"},"modified":"2023-03-05T03:45:55","modified_gmt":"2023-03-05T01:45:55","slug":"mich2000-bulletproof-helmet-3a-tactical-ballistic-helmet-special-size-custom-color-dedicated-buy-%e9%93%be%e6%8e%a5","status":"publish","type":"product","link":"https:\/\/tyditiao.com\/zh-hans\/product\/mich2000-bulletproof-helmet-3a-tactical-ballistic-helmet-special-size-custom-color-dedicated-buy-%e9%93%be%e6%8e%a5\/","title":{"rendered":"Mich2000 \u9632\u5f39\u5934\u76d4\uff0c3A \u6218\u672f\u9632\u5f39\u5934\u76d4\uff0c\u7279\u6b8a\u5c3a\u5bf8\uff0c\u5b9a\u5236\u989c\u8272\uff0c\u4e13\u7528\u8d2d\u4e70\u94fe\u63a5"},"content":{"rendered":"<p><strong>\u5173\u4e8eMich2000\u5934\u76d4\u5c3a\u5bf8\uff1a<\/strong>\u6211\u4eec\u4e3a\u8fd9\u6b3eMich 3A\u6218\u672f\u9632\u5f39\u5934\u76d4\u589e\u52a0\u4e86\u5c0f\u578b\u548c\u5927\u578b\u751f\u4ea7\u6a21\u5177\uff0c\u4ee5\u6ee1\u8db3\u4e0d\u540c\u9700\u6c42\u7684\u7528\u6237\u3002 M \u7801\u662f\u5e38\u89c4\u5c3a\u7801\uff0c\u9002\u5408\u5927\u591a\u6570\u4eba\u3002 \u5982\u679c\u60a8\u8ba4\u4e3a\u5c0f\u53f7\u66f4\u80fd\u6ee1\u8db3\u60a8\u81ea\u5df1\u7684\u8981\u6c42\u6216\u7a7f\u7740\u4e60\u60ef\uff0c\u8bf7\u9009\u62e9 S \u7801\uff0c\u5426\u5219\u9009\u62e9 L \u7801\u3002<\/p>\n<p><strong>\u5173\u4e8eMich2000\u9632\u5f39\u5934\u76d4\u7684\u989c\u8272\uff1a<\/strong>Mich 3A\u6218\u672f\u9632\u5f39\u5934\u76d4\uff0c\u6211\u4eec\u4e3b\u8981\u751f\u4ea7\u4e09\u79cd\u989c\u8272\uff1a\u9ed1\u8272\u3001\u6d45\u68d5\u8272\u548c\u7eff\u8272\u3002 \u4f46\u540c\u65f6\uff0c\u6211\u4eec\u6709\u80fd\u529b\u751f\u4ea7\u5ba2\u6237\u6307\u5b9a\u7684\u4efb\u4f55\u989c\u8272\u6216\u5404\u79cd\u8ff7\u5f69\u56fe\u6848\uff0c\u5982\u6797\u5730\u8ff7\u5f69\u3001\u4e1b\u6797\u8ff7\u5f69\u3001\u6c99\u6f20\u8ff7\u5f69\u3001\u6d77\u6d0b\u8ff7\u5f69\u548c\u57ce\u5e02\u8ff7\u5f69\u7b49\u3002 Je\u015bli planujesz zam\u00f3wi\u0107 wi\u0119cej ni\u017c 10 He\u0142my, skontaktuj si\u0119 z nami, otrzymasz t\u0119 niestandardow\u0105 us\u0142ug\u0119 kolor\u00f3w za darmo, po prostu wy\u015blij nam \u017c\u0105dany wz\u00f3r kolor\u00f3w.<\/p>\n<p>MICH2000\u5934\u76d4\u9632\u5f39\u5934\u76d4\uff1a0101.06\u6807\u51c6IIIA\u7ea7<\/p>\n<p>\u6750\u6599\uff1a\u9ad8\u5f3a\u5ea6 Kevlar-Dupont \u82b3\u7eb6\u7ea4\u7ef4<\/p>\n<p>MICH2000 \u9632\u5f39\u5934\u76d4\u5177\u6709\u66f4\u5927\u7684\u9632\u62a4\u8868\u9762\u79ef\uff0c\u4f4e\u5207\u8bbe\u8ba1\u53ef\u4ee5\u66f4\u597d\u5730\u8986\u76d6\u5934\u90e8\u4e24\u4fa7\uff0c\u5982\u679c\u60a8\u4e0d\u6253\u7b97\u5b89\u88c5\u5f88\u591a\u914d\u4ef6\uff0c\u8fd9\u5c06\u66f4\u52a0\u6709\u76ca\u3002<\/p>\n<p>Mich2000 \u9632\u5f39\u5934\u76d4\u7684\u56db\u70b9\u8fde\u63a5\u7cfb\u7edf\u7c7b\u4f3c\u4e8e\u6ed1\u677f\u548c\u81ea\u884c\u8f66\u5934\u76d4\u4e0a\u7684\u4fdd\u62a4\u548c\u7ed1\u5e26\u3002<\/p>\n","protected":false},"excerpt":{"rendered":"<p>\u5173\u4e8eMich2000\u5934\u76d4\u5c3a\u5bf8\uff1a\u6211\u4eec\u4e3a\u8fd9\u6b3e&#8230;<\/p>\n","protected":false},"featured_media":1851,"comment_status":"open","ping_status":"closed","template":"","meta":[],"product_brand":[],"product_cat":[61,59],"product_tag":[],"woo-feed-brand":[],"class_list":{"0":"post-6911","1":"product","2":"type-product","3":"status-publish","4":"has-post-thumbnail","6":"product_cat-mich2000-zh-hans-2","7":"product_cat--zh-hans","9":"first","10":"instock","11":"sale","12":"shipping-taxable","13":"purchasable","14":"product-type-variable","15":"has-default-attributes"},"_links":{"self":[{"href":"https:\/\/tyditiao.com\/zh-hans\/wp-json\/wp\/v2\/product\/6911","targetHints":{"allow":["GET"]}}],"collection":[{"href":"https:\/\/tyditiao.com\/zh-hans\/wp-json\/wp\/v2\/product"}],"about":[{"href":"https:\/\/tyditiao.com\/zh-hans\/wp-json\/wp\/v2\/types\/product"}],"replies":[{"embeddable":true,"href":"https:\/\/tyditiao.com\/zh-hans\/wp-json\/wp\/v2\/comments?post=6911"}],"wp:featuredmedia":[{"embeddable":true,"href":"https:\/\/tyditiao.com\/zh-hans\/wp-json\/wp\/v2\/media\/1851"}],"wp:attachment":[{"href":"https:\/\/tyditiao.com\/zh-hans\/wp-json\/wp\/v2\/media?parent=6911"}],"wp:term":[{"taxonomy":"product_brand","embeddable":true,"href":"https:\/\/tyditiao.com\/zh-hans\/wp-json\/wp\/v2\/product_brand?post=6911"},{"taxonomy":"product_cat","embeddable":true,"href":"https:\/\/tyditiao.com\/zh-hans\/wp-json\/wp\/v2\/product_cat?post=6911"},{"taxonomy":"product_tag","embeddable":true,"href":"https:\/\/tyditiao.com\/zh-hans\/wp-json\/wp\/v2\/product_tag?post=6911"},{"taxonomy":"woo-feed-brand","embeddable":true,"href":"https:\/\/tyditiao.com\/zh-hans\/wp-json\/wp\/v2\/woo-feed-brand?post=6911"}],"curies":[{"name":"wp","href":"https:\/\/api.w.org\/{rel}","templated":true}]}}